{"id":1187,"date":"2014-10-08T05:46:35","date_gmt":"2014-10-08T05:46:35","guid":{"rendered":"http:\/\/hallertau-gymnasium.de\/hgw14\/?page_id=1187"},"modified":"2022-01-19T15:26:23","modified_gmt":"2022-01-19T15:26:23","slug":"lueckenfueller","status":"publish","type":"page","link":"https:\/\/hgw.bayern\/?page_id=1187","title":{"rendered":"L\u00fcckenf\u00fcller"},"content":{"rendered":"<p>Die letzte Ausgabe ist bei der Redaktion noch erh\u00e4ltlich:<\/p>\n<p><a href=\"http:\/\/hallertau-gymnasium.de\/hgw14\/wp-content\/uploads\/2014\/10\/l\u00fcckenf\u00fcller.jpg\"><img loading=\"lazy\" decoding=\"async\" class=\"alignnone size-full wp-image-8831\" src=\"http:\/\/hallertau-gymnasium.de\/hgw14\/wp-content\/uploads\/2014\/10\/l\u00fcckenf\u00fcller.jpg\" alt=\"\" width=\"883\" height=\"854\" srcset=\"https:\/\/hgw.bayern\/wp-content\/uploads\/2014\/10\/l\u00fcckenf\u00fcller.jpg 883w, https:\/\/hgw.bayern\/wp-content\/uploads\/2014\/10\/l\u00fcckenf\u00fcller-300x290.jpg 300w, https:\/\/hgw.bayern\/wp-content\/uploads\/2014\/10\/l\u00fcckenf\u00fcller-768x743.jpg 768w, https:\/\/hgw.bayern\/wp-content\/uploads\/2014\/10\/l\u00fcckenf\u00fcller-600x580.jpg 600w\" sizes=\"auto, (max-width: 883px) 100vw, 883px\" \/><\/a><\/p>\n<p><strong>Impressum:<\/strong><\/p>\n<p>L\u00fcckenf\u00fcller<br \/>\nSch\u00fclerzeitung am Hallertau-Gymnasium Wolnzach<br \/>\nAnton-Dost-Str. 10<br \/>\n85283 Wolnzach<\/p>\n<p>Herausgeber:<br \/>\nOStD Christian Heller<\/p>\n<p>Betreuende Lehrkraft:?<\/p>\n<p>E-Mail:<br \/>\n<img decoding=\"async\" src=\"http:\/\/hallertau-gymnasium.de\/hgw14\/wp-content\/uploads\/2022\/01\/lueckenfuellerEmail.png\" style=\"vertical-align:middle\"><\/p>\n","protected":false},"excerpt":{"rendered":"<p>Die letzte Ausgabe ist bei der Redaktion noch erh\u00e4ltlich: Impressum: L\u00fcckenf\u00fcller Sch\u00fclerzeitung am Hallertau-Gymnasium Wolnzach Anton-Dost-Str. 10 85283 Wolnzach Herausgeber: OStD Christian Heller Betreuende Lehrkraft:? &hellip;<\/p>\n","protected":false},"author":2,"featured_media":0,"parent":1184,"menu_order":0,"comment_status":"closed","ping_status":"closed","template":"","meta":{"footnotes":""},"class_list":["post-1187","page","type-page","status-publish","hentry"],"_links":{"self":[{"href":"https:\/\/hgw.bayern\/index.php?rest_route=\/wp\/v2\/pages\/1187","targetHints":{"allow":["GET"]}}],"collection":[{"href":"https:\/\/hgw.bayern\/index.php?rest_route=\/wp\/v2\/pages"}],"about":[{"href":"https:\/\/hgw.bayern\/index.php?rest_route=\/wp\/v2\/types\/page"}],"author":[{"embeddable":true,"href":"https:\/\/hgw.bayern\/index.php?rest_route=\/wp\/v2\/users\/2"}],"replies":[{"embeddable":true,"href":"https:\/\/hgw.bayern\/index.php?rest_route=%2Fwp%2Fv2%2Fcomments&post=1187"}],"version-history":[{"count":14,"href":"https:\/\/hgw.bayern\/index.php?rest_route=\/wp\/v2\/pages\/1187\/revisions"}],"predecessor-version":[{"id":15431,"href":"https:\/\/hgw.bayern\/index.php?rest_route=\/wp\/v2\/pages\/1187\/revisions\/15431"}],"up":[{"embeddable":true,"href":"https:\/\/hgw.bayern\/index.php?rest_route=\/wp\/v2\/pages\/1184"}],"wp:attachment":[{"href":"https:\/\/hgw.bayern\/index.php?rest_route=%2Fwp%2Fv2%2Fmedia&parent=1187"}],"curies":[{"name":"wp","href":"https:\/\/api.w.org\/{rel}","templated":true}]}}