{"id":136,"date":"2014-07-14T10:57:20","date_gmt":"2014-07-14T10:57:20","guid":{"rendered":"http:\/\/hallertau-gymnasium.de\/hgw14\/?page_id=136"},"modified":"2014-07-14T10:57:20","modified_gmt":"2014-07-14T10:57:20","slug":"literaturhinweise","status":"publish","type":"page","link":"https:\/\/hgw.bayern\/?page_id=136","title":{"rendered":"Literaturhinweise"},"content":{"rendered":"<p><strong>Mehr Geschichte!<\/strong><\/p>\n<p>F\u00fcr Leseratten und Wissbegierige bietet die Fachschaft Geschichte eine kleine Auswahl an Romanen und Sachb\u00fcchern, die zum Schm\u00f6kern und Weiterlesen einl\u00e4dt.<\/p>\n<p>&nbsp;<\/p>\n<p>Romane<\/p>\n<p>6. Jahrgangsstufe<\/p>\n<table>\n<tbody>\n<tr>\n<td width=\"204\">Autor<\/td>\n<td width=\"227\">Titel<\/td>\n<td width=\"188\">Thema\/Zeit<\/td>\n<\/tr>\n<tr>\n<td width=\"204\">Beyerlein, Gabriele<\/td>\n<td width=\"227\">Die Sonne bleibt nicht stehen<\/td>\n<td width=\"188\">Jungsteinzeit<\/td>\n<\/tr>\n<tr>\n<td width=\"204\">Mielke, Germund<\/td>\n<td width=\"227\">Die verflixten F\u00e4lle aus \u00c4gypten<\/td>\n<td width=\"188\">Altes \u00c4gypten<\/td>\n<\/tr>\n<tr>\n<td width=\"204\">Sutcliff, Rosemary<\/td>\n<td width=\"227\">Troja und die R\u00fcckkehr des Odysseus: Die Geschichte der Ilias und der Odyssee<\/td>\n<td width=\"188\">Antike (Griechenland)<\/td>\n<\/tr>\n<tr>\n<td width=\"204\">Winterfeld, Henry<\/td>\n<td width=\"227\">Caius, der Lausbub aus dem alten Rom<\/td>\n<td width=\"188\">Antike (Rom), Trilogie<\/td>\n<\/tr>\n<tr>\n<td width=\"204\">Ellis, Deborah<\/td>\n<td width=\"227\">Die Sonne im Gesicht<\/td>\n<td width=\"188\">Afghanistan<\/td>\n<\/tr>\n<\/tbody>\n<\/table>\n<p>&nbsp;<\/p>\n<p>7. Jahrgangsstufe<\/p>\n<table>\n<tbody>\n<tr>\n<td width=\"207\">Autor<\/td>\n<td width=\"220\">Titel<\/td>\n<td width=\"192\">Thema\/Zeit<\/td>\n<\/tr>\n<tr>\n<td width=\"207\">Lechner, Auguste<\/td>\n<td width=\"220\">Die Nibelungen<\/td>\n<td width=\"192\">Mittelalter (Sagen)<\/td>\n<\/tr>\n<tr>\n<td width=\"207\">Schr\u00f6der, Rainer M.<\/td>\n<td width=\"220\">Das Geheimnis des Kartenmachers<\/td>\n<td width=\"192\">Schwelle Mittelalter &#8211; Fr\u00fche Neuzeit<\/td>\n<\/tr>\n<tr>\n<td width=\"207\">Reiche, Dietlof<\/td>\n<td width=\"220\">Der Bleisiegelf\u00e4lscher<\/td>\n<td width=\"192\">Fr\u00fche Neuzeit<\/td>\n<\/tr>\n<tr>\n<td width=\"207\">Parigger, Harald<\/td>\n<td width=\"220\">Der Schwarze M\u00f6nch<\/td>\n<td width=\"192\">Kreuzz\u00fcge<\/td>\n<\/tr>\n<tr>\n<td width=\"207\">Richter, Hans Peter<\/td>\n<td width=\"220\">Damals war es Friedrich<\/td>\n<td width=\"192\">Nationalsozialismus<\/td>\n<\/tr>\n<\/tbody>\n<\/table>\n<p>&nbsp;<\/p>\n<p>8. Jahrgangsstufe<\/p>\n<table>\n<tbody>\n<tr>\n<td width=\"207\">Autor<\/td>\n<td width=\"218\">Titel<\/td>\n<td width=\"194\">Thema\/Zeit<\/td>\n<\/tr>\n<tr>\n<td width=\"207\">Kordon, Klaus<\/td>\n<td width=\"218\">1848: Die Geschichte von Jette und Frieder<\/td>\n<td width=\"194\">Revolution von 1848; erster Band einer Trilogie<\/td>\n<\/tr>\n<tr>\n<td width=\"207\">Stoffels, Karljin<\/td>\n<td width=\"218\">Mojsche und Rejsele<\/td>\n<td width=\"194\">Nationalsozialismus<\/td>\n<\/tr>\n<tr>\n<td width=\"207\">Vinke, Hermann<\/td>\n<td width=\"218\">Das Dritte Reich<\/td>\n<td width=\"194\">Nationalsozialismus (Sachbuch)<\/td>\n<\/tr>\n<tr>\n<td width=\"207\">Maar, Paul<\/td>\n<td width=\"218\">Kartoffelk\u00e4ferzeiten<\/td>\n<td width=\"194\">Nachkriegszeit<\/td>\n<\/tr>\n<tr>\n<td width=\"207\">Jeier, Thomas<\/td>\n<td width=\"218\">Sie hatten einen Traum<\/td>\n<td width=\"194\">B\u00fcrgerrechtsbewegung<\/td>\n<\/tr>\n<\/tbody>\n<\/table>\n<p>&nbsp;<\/p>\n<p>9.\/10. Jahrgangsstufe<\/p>\n<table>\n<tbody>\n<tr>\n<td width=\"207\">Autor<\/td>\n<td width=\"221\">Titel<\/td>\n<td width=\"192\">Thema\/Zeit<\/td>\n<\/tr>\n<tr>\n<td width=\"207\">Kordon, Klaus<\/td>\n<td width=\"221\">Die roten Matrosen<\/td>\n<td width=\"192\">Novemberrevolution(1. Band einer Trilogie)<\/td>\n<\/tr>\n<tr>\n<td width=\"207\">Zehrer, Martin<\/td>\n<td width=\"221\">Als Herr Weimar starb<\/td>\n<td width=\"192\">Weimarer Republik, Nationalsozialismus<\/td>\n<\/tr>\n<tr>\n<td width=\"207\">Boyne, John<\/td>\n<td width=\"221\">Der Junge im gestreiften Pyjama<\/td>\n<td width=\"192\">Nationalsozialismus<\/td>\n<\/tr>\n<tr>\n<td width=\"207\">Bollwahn, Barbara<\/td>\n<td width=\"221\">Der Klassenfeind und ich<\/td>\n<td width=\"192\">DDR<\/td>\n<\/tr>\n<tr>\n<td width=\"207\">Prinz, Alois<\/td>\n<td width=\"221\">Lieber w\u00fctend als traurig: Die Geschichte der Ulrike Marie Meinhof<\/td>\n<td width=\"192\">RAF<\/td>\n<\/tr>\n<\/tbody>\n<\/table>\n<p>&nbsp;<\/p>\n<p>&nbsp;<\/p>\n<p><strong>Sachbuchreihen:<\/strong><\/p>\n<p><em>Arena Bibliothek des Wissens<\/em>\u00a0(z.B. Karl der Gro\u00dfe und der Feldzug der Weisheit, Luther und die Macht des Wortes, Newton und der Apfel der Erkenntnis)<\/p>\n<p><em>MEMO (z.B.\u00a0<\/em>Azteken, Inka und Maya, Das alte Griechenland, Der erste Weltkrieg, Gro\u00dfe Wissenschaftler)<\/p>\n<p>Tatort Geschichte (z.B. Spurensuche am Nil, Im Schatten der Akropolis, Gefahr auf der Santa Maria)<\/p>\n<p><em>Was ist Was<\/em>\u00a0(z.B. Versunkene St\u00e4dte, Die Germanen, Die Wikinger, Das alte China, Das alte \u00c4gypten, Die V\u00f6lkerwanderung)<\/p>\n","protected":false},"excerpt":{"rendered":"<p>Mehr Geschichte! F\u00fcr Leseratten und Wissbegierige bietet die Fachschaft Geschichte eine kleine Auswahl an Romanen und Sachb\u00fcchern, die zum Schm\u00f6kern und Weiterlesen einl\u00e4dt. &nbsp; Romane &hellip;<\/p>\n","protected":false},"author":1,"featured_media":0,"parent":63,"menu_order":0,"comment_status":"open","ping_status":"closed","template":"","meta":{"footnotes":""},"class_list":["post-136","page","type-page","status-publish","hentry"],"_links":{"self":[{"href":"https:\/\/hgw.bayern\/index.php?rest_route=\/wp\/v2\/pages\/136","targetHints":{"allow":["GET"]}}],"collection":[{"href":"https:\/\/hgw.bayern\/index.php?rest_route=\/wp\/v2\/pages"}],"about":[{"href":"https:\/\/hgw.bayern\/index.php?rest_route=\/wp\/v2\/types\/page"}],"author":[{"embeddable":true,"href":"https:\/\/hgw.bayern\/index.php?rest_route=\/wp\/v2\/users\/1"}],"replies":[{"embeddable":true,"href":"https:\/\/hgw.bayern\/index.php?rest_route=%2Fwp%2Fv2%2Fcomments&post=136"}],"version-history":[{"count":1,"href":"https:\/\/hgw.bayern\/index.php?rest_route=\/wp\/v2\/pages\/136\/revisions"}],"predecessor-version":[{"id":137,"href":"https:\/\/hgw.bayern\/index.php?rest_route=\/wp\/v2\/pages\/136\/revisions\/137"}],"up":[{"embeddable":true,"href":"https:\/\/hgw.bayern\/index.php?rest_route=\/wp\/v2\/pages\/63"}],"wp:attachment":[{"href":"https:\/\/hgw.bayern\/index.php?rest_route=%2Fwp%2Fv2%2Fmedia&parent=136"}],"curies":[{"name":"wp","href":"https:\/\/api.w.org\/{rel}","templated":true}]}}