{"id":142,"date":"2014-07-14T12:03:28","date_gmt":"2014-07-14T12:03:28","guid":{"rendered":"http:\/\/hallertau-gymnasium.de\/hgw14\/?page_id=142"},"modified":"2025-09-12T09:53:40","modified_gmt":"2025-09-12T09:53:40","slug":"was-nicht-im-lehrplan-steht","status":"publish","type":"page","link":"https:\/\/hgw.bayern\/?page_id=142","title":{"rendered":"Das geh\u00f6rt zum HGW."},"content":{"rendered":"<h3>Schule ist mehr als Unterricht, Schule ist auch ein Lebensort.<\/h3>\n<p>Soziales, \u00f6kologisches oder schlicht au\u00dfergew\u00f6hnliches Engagement: Am Hallertau-Gymnasium finden in jedem Schuljahr viele Aktionen, Sammlungen und Projekte statt, die aus dem Unterricht erwachsen, neben ihm herlaufen oder von den Sch\u00fclern selbst ausgehen. Informieren Sie sich in den &#8222;Beitr\u00e4gen&#8220; rechts!<\/p>\n<h3>Die 3 S\u00e4ulen des HGW<\/h3>\n<div>&#8211; <a href=\"https:\/\/hgw.bayern\/wp-content\/uploads\/2023\/08\/Soziales-Miteinander-am-HGW.pdf\">Soziales Miteinander am HGW<\/a><\/div>\n<div><\/div>\n<div><\/div>\n<div>&#8211; <a href=\"https:\/\/hgw.bayern\/wp-content\/uploads\/2023\/08\/Demokratieerziehung-am-HGW.pdf\">Demokratieerziehung am HGW<\/a><\/div>\n<div><\/div>\n<div><\/div>\n<div>&#8211; <a href=\"https:\/\/hgw.bayern\/wp-content\/uploads\/2023\/08\/Umweltbildung-am-HGW.pptx\">Umweltbildung am HGW<\/a><\/div>\n<div><\/div>\n<h3><\/h3>\n<h3><strong>Das HGW \u2013 digital und modern<\/strong><\/h3>\n<p>Die Digitalisierung ist das bestimmende Thema in der Weiterentwicklung der Gesellschaft, der Arbeitswelt und auch der Schule. Das Hallertau-Gymnasium treibt nicht erst seit den Ein\u00adschr\u00e4nkungen durch die Corona-Pandemie diese Entwicklung zielstrebig voran. So sind alle Klassenzimmer schon l\u00e4nger mit Beamer, Internetzugang und Dokumentenkameras auf h\u00f6\u00adhenverstellbaren Lehrerpulten ausger\u00fcstet.<\/p>\n<p>Da seit Beginn des Schuljahres 2020\/21 auch alle Lehrerinnen und Lehrer mit Dienstrechnern ausgestattet werden konnten, sind die Rahmenbedingungen f\u00fcr einen digitalen Unterricht na\u00adhezu optimal. Das HGW kann beim Thema Dienstger\u00e4te durchaus als Vorreiter bezeichnet werden, weil wir diese zeitgem\u00e4\u00dfe und auf Dauer notwendige Investition lange vor der \u00f6ffent\u00adlichen politischen Diskussion angestrebt haben. Damit sind einheitliche Voraussetzungen f\u00fcr alle Lehrerinnen und Lehrer in allen Unterrichtsr\u00e4umen m\u00f6glich. Das erleichtert neben der Wartung vor allem das Zurechtfinden der Sch\u00fclerinnen und Sch\u00fcler im Unterricht. Zudem sind sensible Daten wie z. B. Noten auf Dienstrechnern deutlich sicherer als auf Privatrechnern von Lehrern, wie das davor \u00fcblich war und an vielen anderen Schulen noch \u00fcblich ist. Ausdr\u00fccklich sei dabei dem Sachaufwandstr\u00e4ger \u2013 dem Landkreis Pfaffenhofen \u2013 f\u00fcr die Unterst\u00fctzung und die Finanzierung gedankt.<\/p>\n<p><a href=\"http:\/\/hallertau-gymnasium.de\/hgw14\/wp-content\/uploads\/2014\/07\/IMG_5855-2.jpg\"><img loading=\"lazy\" decoding=\"async\" class=\"wp-image-14956 alignleft\" src=\"http:\/\/hallertau-gymnasium.de\/hgw14\/wp-content\/uploads\/2014\/07\/IMG_5855-2-1024x479.jpg\" alt=\"\" width=\"295\" height=\"138\" srcset=\"https:\/\/hgw.bayern\/wp-content\/uploads\/2014\/07\/IMG_5855-2-1024x479.jpg 1024w, https:\/\/hgw.bayern\/wp-content\/uploads\/2014\/07\/IMG_5855-2-300x140.jpg 300w, https:\/\/hgw.bayern\/wp-content\/uploads\/2014\/07\/IMG_5855-2-768x359.jpg 768w, https:\/\/hgw.bayern\/wp-content\/uploads\/2014\/07\/IMG_5855-2-600x280.jpg 600w\" sizes=\"auto, (max-width: 295px) 100vw, 295px\" \/>Die<\/a> kom\u00adplette Netzinfrastruktur im Haus wurde erneuert incl. eines neuen, klimatisierten Serverraumes. Die Anbindung der Schule ans Glasfasernetz ist abgeschlossen.<\/p>\n<p>Auch f\u00fcr die Sch\u00fclerinnen und Sch\u00fcler gibt es weitere Verbesserungen: ein schulinternes WLAN-Netz ist fl\u00e4chendeckend ausgebaut, so dass das Internet im Unterricht bei Bedarf auch von den Sch\u00fclern auf mobilen Endger\u00e4ten genutzt werden kann. Zudem wol\u00adlen wir unsere Sch\u00fclerinnen und Sch\u00fcler in Zukunft auch mit digitalen Endger\u00e4ten ausstatten, auf denen z.B. die Schulb\u00fccher in digitaler Form gespeichert sind. Die Beschaffung der Sch\u00fc\u00adlerleihger\u00e4te f\u00fcr den Distanzunterricht war nur ein erster Schritt, so dass das digitale Lernen in Zukunft nicht mehr von privaten Voraussetzungen abh\u00e4ngen wird. Wir werden mit dieser Ma\u00dfnahme im Schuljahr 2025\/26 starten und dann schrittweise die Anzahl der ausgestatteten Jahrgangsstufen zu erh\u00f6hen. Wir hoffen dabei, pro Schuljahr zwei Jahrg\u00e4nge mit Ger\u00e4ten versorgen zu k\u00f6nnen.<\/p>\n<p>Neben der digitalen Modernisierung freuen wir uns auch sehr \u00fcber die abgeschlossenen Bau\u00adarbeiten zur Verschattung unserer Fensterfronten in den Klassenzimmern. Diese wird in den Sommermonaten f\u00fcr ein angenehmes Raumklima sorgen und l\u00e4sst uns gelassener auf die kommenden hei\u00dfen Tage und Wochen blicken. Gleichzeitig wurden in die Klassenzimmer selbst-\u00f6ffnende Lamellenfenster eingebaut, die bei einer erh\u00f6hten CO<sub>2<\/sub>-Belastung automa\u00adtisch f\u00fcr Bel\u00fcftung sorgen. Die sch\u00e4dlichen Wirkungen von CO<sub>2<\/sub> auf die Konzentrationsf\u00e4hig\u00adkeit und Denkleistung unserer Sch\u00fclerinnen und Sch\u00fcler k\u00f6nnen damit effektiv verringert wer\u00adden. F\u00fcr das Erreichen dieses Meilensteins sind wir sehr dankbar.<\/p>\n<p>gez. Dr. Harald Dobler u. Christian Kuttler<\/p>\n<p>f\u00fcr die Schulleitung des HGW im Feb. 2025<\/p>\n<p>&nbsp;<\/p>\n<h3>TUM School of Education<\/h3>\n<p><img loading=\"lazy\" decoding=\"async\" class=\"alignleft wp-image-413 \" src=\"http:\/\/hallertau-gymnasium.de\/hgw14\/wp-content\/uploads\/2014\/07\/Schild_TUM-School_of_Education-Small-300x300.jpg\" alt=\"Schild_TUM-School_of_Education (Small)\" width=\"191\" height=\"191\" srcset=\"https:\/\/hgw.bayern\/wp-content\/uploads\/2014\/07\/Schild_TUM-School_of_Education-Small-300x300.jpg 300w, https:\/\/hgw.bayern\/wp-content\/uploads\/2014\/07\/Schild_TUM-School_of_Education-Small-150x150.jpg 150w, https:\/\/hgw.bayern\/wp-content\/uploads\/2014\/07\/Schild_TUM-School_of_Education-Small-109x109.jpg 109w, https:\/\/hgw.bayern\/wp-content\/uploads\/2014\/07\/Schild_TUM-School_of_Education-Small-100x100.jpg 100w, https:\/\/hgw.bayern\/wp-content\/uploads\/2014\/07\/Schild_TUM-School_of_Education-Small.jpg 480w\" sizes=\"auto, (max-width: 191px) 100vw, 191px\" \/><\/p>\n<p>Seit November 2008 ist das Hallertau-Gymnasium laut vertraglicher Vereinbarung Referenzgymnasium der TU M\u00fcnchen (TUM). Dies bedeutet, dass das HGW Lehramtsstudierende der TUM bei ihren Schulpraktika betreut. Im Gegenzug verpflichtet sich die TUM, das HGW bei der Durchf\u00fchrung von W- und P-Seminaren in der neuen Oberstufe zu unterst\u00fctzen. Au\u00dferdem erhalten unsere Sch\u00fcler bevorzugten Zugang zum Schulprogramm der TUM (z.B. TUMlab, Schnupperpraktika). Gleiches gilt f\u00fcr die Lehrkr\u00e4fte des HGW bei den Fortbildungsangeboten der TUM. Damit ist die Zusammenarbeit so gestaltet, dass beide Seiten davon profitieren k\u00f6nnen.<\/p>\n<p>Die Lehrerbildung kommt eine gro\u00dfe Bedeutung zu: Das erkl\u00e4rte Ziel des Lehrerbildungskonzepts an der TUM ist es, den Studierenden m\u00f6glichst fr\u00fchzeitige, vielf\u00e4ltige und umfassende Einblicke in das Berufsbild des Gymnasiallehrers und in den modernen Schulbetrieb zu geben. Die Praktikanten leisten ihr Praktikum, das so genannte TUMpaed, in drei Etappen ab: den ersten Teil als Block mit 15 Tagen nach dem ersten Semester, den zweiten Teil ebenfalls als Block mit 15 Tagen nach dem dritten Semester und den dritten Teil semesterbegleitend 10 Tage w\u00e4hrend des vierten Semesters.<\/p>\n<h3>Schule ohne Rassismus (SOR)<\/h3>\n<p><a href=\"http:\/\/hallertau-gymnasium.de\/hgw14\/wp-content\/uploads\/2014\/07\/SoR_Logo.gif\"><img loading=\"lazy\" decoding=\"async\" class=\"alignleft wp-image-2167 \" src=\"http:\/\/hallertau-gymnasium.de\/hgw14\/wp-content\/uploads\/2014\/07\/SoR_Logo.gif\" alt=\"SoR_Logo\" width=\"191\" height=\"79\" \/><\/a>Schule ohne Rassismus ist eine Initiative von Sch\u00fclerinnen und Sch\u00fclern, die sich aktiv gegen jede Form von Diskriminierung einsetzen wollen. Am HGW ist die Sch\u00fclergruppe gerade im Begriff neue Aktionen zuplanen. In diesem Zusammenhang werden wir auch versuchen unseren prominenten Paten, den Bluespianist <a href=\"http:\/\/www.willisohn.com\">Christian Willisohn<\/a>, f\u00fcr ein Gastspiel zu gewinnen.<\/p>\n<p><a href=\"http:\/\/www.schule-ohne-rassismus.org\/startseite\/\">Weitere Informationen finden sich auf der Bundesseite der Initiative .schule-ohne-rassismus.org<\/a><\/p>\n<h3>Das DKMS Siegel &#8211; Eine Auszeichnung f\u00fcr engagierte Schulen<\/h3>\n<p><a href=\"http:\/\/hallertau-gymnasium.de\/hgw14\/wp-content\/uploads\/2014\/07\/DKMS_Lebensretterschule_Schild_klein.jpg\"><img loading=\"lazy\" decoding=\"async\" class=\"wp-image-14953 alignleft\" src=\"http:\/\/hallertau-gymnasium.de\/hgw14\/wp-content\/uploads\/2014\/07\/DKMS_Lebensretterschule_Schild_klein.jpg\" alt=\"\" width=\"162\" height=\"162\" srcset=\"https:\/\/hgw.bayern\/wp-content\/uploads\/2014\/07\/DKMS_Lebensretterschule_Schild_klein.jpg 500w, https:\/\/hgw.bayern\/wp-content\/uploads\/2014\/07\/DKMS_Lebensretterschule_Schild_klein-150x150.jpg 150w, https:\/\/hgw.bayern\/wp-content\/uploads\/2014\/07\/DKMS_Lebensretterschule_Schild_klein-300x300.jpg 300w, https:\/\/hgw.bayern\/wp-content\/uploads\/2014\/07\/DKMS_Lebensretterschule_Schild_klein-109x109.jpg 109w, https:\/\/hgw.bayern\/wp-content\/uploads\/2014\/07\/DKMS_Lebensretterschule_Schild_klein-100x100.jpg 100w, https:\/\/hgw.bayern\/wp-content\/uploads\/2014\/07\/DKMS_Lebensretterschule_Schild_klein-144x144.jpg 144w\" sizes=\"auto, (max-width: 162px) 100vw, 162px\" \/><\/a>Wir freuen uns, dass sich unsere Schule in besonderer Weise im Kampf gegen Blutkrebs verdient gemacht hat durch bisher drei durchgef\u00fchrte Registrierungsaktionen, 179 aufgenommene Spenderinnen und Spender und 3 tats\u00e4chlich gespendete Lebenschancen f\u00fcr betroffene Patienten! Gerade die Registrierung junger Menschen ist von ma\u00dfgeblicher Bedeutung bei der Suche nach potentiellen Stammzellenspender:innen!<\/p>\n<p>&nbsp;<\/p>\n<p>&nbsp;<\/p>\n<p>&nbsp;<\/p>\n<p>&nbsp;<\/p>\n<p>&nbsp;<\/p>\n<p>&nbsp;<\/p>\n<p>&nbsp;<\/p>\n<p>&nbsp;<\/p>\n<p>&nbsp;<\/p>\n<p>&nbsp;<\/p>\n<p>&nbsp;<\/p>\n","protected":false},"excerpt":{"rendered":"<p>Schule ist mehr als Unterricht, Schule ist auch ein Lebensort. Soziales, \u00f6kologisches oder schlicht au\u00dfergew\u00f6hnliches Engagement: Am Hallertau-Gymnasium finden in jedem Schuljahr viele Aktionen, Sammlungen &hellip;<\/p>\n","protected":false},"author":1,"featured_media":0,"parent":126,"menu_order":0,"comment_status":"open","ping_status":"closed","template":"","meta":{"footnotes":""},"class_list":["post-142","page","type-page","status-publish","hentry"],"_links":{"self":[{"href":"https:\/\/hgw.bayern\/index.php?rest_route=\/wp\/v2\/pages\/142","targetHints":{"allow":["GET"]}}],"collection":[{"href":"https:\/\/hgw.bayern\/index.php?rest_route=\/wp\/v2\/pages"}],"about":[{"href":"https:\/\/hgw.bayern\/index.php?rest_route=\/wp\/v2\/types\/page"}],"author":[{"embeddable":true,"href":"https:\/\/hgw.bayern\/index.php?rest_route=\/wp\/v2\/users\/1"}],"replies":[{"embeddable":true,"href":"https:\/\/hgw.bayern\/index.php?rest_route=%2Fwp%2Fv2%2Fcomments&post=142"}],"version-history":[{"count":24,"href":"https:\/\/hgw.bayern\/index.php?rest_route=\/wp\/v2\/pages\/142\/revisions"}],"predecessor-version":[{"id":19416,"href":"https:\/\/hgw.bayern\/index.php?rest_route=\/wp\/v2\/pages\/142\/revisions\/19416"}],"up":[{"embeddable":true,"href":"https:\/\/hgw.bayern\/index.php?rest_route=\/wp\/v2\/pages\/126"}],"wp:attachment":[{"href":"https:\/\/hgw.bayern\/index.php?rest_route=%2Fwp%2Fv2%2Fmedia&parent=142"}],"curies":[{"name":"wp","href":"https:\/\/api.w.org\/{rel}","templated":true}]}}