{"id":146,"date":"2014-07-14T12:03:58","date_gmt":"2014-07-14T12:03:58","guid":{"rendered":"http:\/\/hallertau-gymnasium.de\/hgw14\/?page_id=146"},"modified":"2025-03-18T09:53:22","modified_gmt":"2025-03-18T09:53:22","slug":"ganztagesbetreuung","status":"publish","type":"page","link":"https:\/\/hgw.bayern\/?page_id=146","title":{"rendered":"Offene Ganztagsschule"},"content":{"rendered":"<h3>Offene Ganztagssschule &#8211; email: <a href=\"mailto:ogs@hgw.bayern\">ogs@hgw.bayern<\/a><\/h3>\n<p>Am HGW ist eine Offene Ganztagsschule (OGS) in Kooperation mit der Caritas (<a href=\"https:\/\/www.caritas-nah-am-naechsten.de\/caritas-zentrum-pfaffenhofen\">Caritas-Zentrum Pfaffenhofen<\/a>) eingerichtet. Diese \u00fcbernimmt die Verantwortung f\u00fcr das p\u00e4dagogisch qualifizierte Personal und f\u00fcr das Angebot an die Sch\u00fclerinnen und Sch\u00fcler. Telefonnummer der OGS (0151 54392269)<\/p>\n<p>Vom Baum ins Glas \u2026<\/p>\n<p><a href=\"http:\/\/hallertau-gymnasium.de\/hgw14\/wp-content\/uploads\/2014\/07\/OGS1.jpg\"><img loading=\"lazy\" decoding=\"async\" class=\"alignnone size-large wp-image-15208\" src=\"http:\/\/hallertau-gymnasium.de\/hgw14\/wp-content\/uploads\/2014\/07\/OGS1-1024x768.jpg\" alt=\"\" width=\"660\" height=\"495\" srcset=\"https:\/\/hgw.bayern\/wp-content\/uploads\/2014\/07\/OGS1-1024x768.jpg 1024w, https:\/\/hgw.bayern\/wp-content\/uploads\/2014\/07\/OGS1-300x225.jpg 300w, https:\/\/hgw.bayern\/wp-content\/uploads\/2014\/07\/OGS1-768x576.jpg 768w, https:\/\/hgw.bayern\/wp-content\/uploads\/2014\/07\/OGS1-600x450.jpg 600w\" sizes=\"auto, (max-width: 660px) 100vw, 660px\" \/><\/a><\/p>\n<p>Die Kinder der OGTS haben eifrig \u00c4pfel geerntet, sodass sie nun t\u00e4glich frisch gepressten Apfelsaft trinken und \u2013 passend zur Umweltwoche \u2013 reichlich Obst essen k\u00f6nnen, das auf dem Schulgel\u00e4nde w\u00e4chst und keine langen Transportwege hinter sich hat.<\/p>\n<p><a href=\"https:\/\/hgw.bayern\/wp-content\/uploads\/2023\/10\/OGS2024sm.jpg\"><img loading=\"lazy\" decoding=\"async\" class=\"alignnone size-large wp-image-17310\" src=\"https:\/\/hgw.bayern\/wp-content\/uploads\/2023\/10\/OGS2024sm-1024x750.jpg\" alt=\"\" width=\"660\" height=\"483\" srcset=\"https:\/\/hgw.bayern\/wp-content\/uploads\/2023\/10\/OGS2024sm-1024x750.jpg 1024w, https:\/\/hgw.bayern\/wp-content\/uploads\/2023\/10\/OGS2024sm-300x220.jpg 300w, https:\/\/hgw.bayern\/wp-content\/uploads\/2023\/10\/OGS2024sm-768x562.jpg 768w, https:\/\/hgw.bayern\/wp-content\/uploads\/2023\/10\/OGS2024sm.jpg 1250w\" sizes=\"auto, (max-width: 660px) 100vw, 660px\" \/><\/a><\/p>\n<p>Dies sind die Betreuerinnen der OGS mit Frau Nosko (2te v.l.) von der Schulleitung des HGW<\/p>\n<p>Die Betreuungszeit erstreckt sich (mit Ausnahme von Dienstag) <strong>montags bis donnerstags von jeweils 13.00 bis 16.30 Uhr<\/strong>.<\/p>\n<ul>\n<li>Da am Dienstag der Unterricht bereits um 15:30 Uhr endet und die Busse direkt im Anschluss daran fahren, endet die Betreuungszeit dienstags schon um 15:30 Uhr.<\/li>\n<li>In den Ferien erfolgt keine Betreuung, wohl aber an Tagen, an denen kein Nachmittagsunterricht stattfindet. Das hei\u00dft: Sofern als Betreuungszeit ein Nachmittag bzw. Nachmittage gew\u00e4hlt wurden, an denen der Sch\u00fcler regul\u00e4r Nachmittagsunterricht hat, ist die Betreuung des Kindes auch gesichert f\u00fcr den Fall, dass der Nachmittagsunterricht ausf\u00e4llt oder in den Vormittag vorverlegt wird.<\/li>\n<li>An Tagen, an denen an der Schule der gesamte Nachmittagsunterricht entf\u00e4llt, fahren keine Nachmittagsbusse. Zwar ist an solchen Tagen das Betreuungsangebot gew\u00e4hrleistet, nicht aber der Heimweg des Kindes nach Ende der Betreuungszeit, sofern es auf den Bus angewiesen ist.<\/li>\n<\/ul>\n<p>Eine Anmeldung gilt jeweils bis zum Ende des laufenden Schuljahres. Nur so ist es m\u00f6glich, die Arbeitszeiten der Betreuungspersonen zuverl\u00e4ssig zu planen. Sollten Sie Ihr Kind f\u00fcr das neu beginnende Schuljahr noch bei der OGS anmelden wollen oder weitere Informationen w\u00fcnschen, wenden Sie sich \u00fcber das Sekretariat bitte an das Team der OGS und\/oder an StDin Renate Nosko (Mitglied der Schulleitung).<\/p>\n<p>&nbsp;<\/p>\n<p><strong>Der Ablauf eines betreuten Nachmittags in der OGS<\/strong><\/p>\n<p>Von 13:05 bis 14:00 Uhr haben die Kinder ihre regul\u00e4re Mittagspause, die sie wahlweise in den R\u00e4umen der OGS, der Mensa, der Aula oder auf dem Pausenhof verbringen k\u00f6nnen.<\/p>\n<p>Ab 14:00 Uhr beginnt die mindestens einst\u00fcndige Kernarbeitszeit, in der die Betreuerinnen auch von Sch\u00fclerinnen und Sch\u00fclern ab der10. Jahrgangsstufe unterst\u00fctzt werden. W\u00e4hrend dieser Studierzeit werden die Hausaufgaben vollst\u00e4ndig erledigt, des Weiteren wird der aktuelle Stoff sowohl in Gruppen- als auch in Einzelarbeit ge\u00fcbt. Soweit m\u00f6glich sollen die Kinder ihre Hausaufgaben selbstst\u00e4ndig erledigen.<\/p>\n<p>Um 15:00 Uhr endet die Kernarbeitszeit. F\u00fcr die Kinder, die bis dahin mit ihren Hausaufgaben noch nicht fertig sind, besteht die M\u00f6glichkeit, dieser unter Betreuung in Ruhe fertigzustellen.<\/p>\n<p>F\u00fcr die Kinder, die mit ihren Hausaufgaben fertig sind, beginnt die betreute Freizeit. Hier stehen zahlreiche Angebote zur Verf\u00fcgung: Basteln, Brettspiele, Bewegung auf dem Pausenhof mit Tischtennis, Basketball, Fu\u00dfball etc. Seit dem Schuljahr 2018\/19 sind die Kinder auch in die Arbeit im Schulgarten miteinbezogen und k\u00f6nnen ihr selbst gepflanztes Gem\u00fcse ernten. Im Herbst werden die \u00c4pfel aus dem Schulgarten zu Apfelsaft gepresst, der den Kindern in der OGS kostenlos zur Verf\u00fcgung gestellt wird.<\/p>\n<p>Die OGS ist ein regul\u00e4rer Bestandteil des HGW und unterliegt der Schulordnung. Sollte ein Sch\u00fcler\/eine Sch\u00fclerin am Besuch der OGS verhindert sein, gilt daher die gleiche Vorgehensweise wie beim normalen Unterricht.<\/p>\n<p>Im Krankheitsfall muss er\/sie unverz\u00fcglich \u00fcber WebUntis entschuldigt werden. Das Sekretariat gibt die Information \u2013 auch im Fall einer pl\u00f6tzlichen Erkrankung am Vormittag \u2013 an die OGS weiter. Liegen andere triftige Gr\u00fcnde (z. B. Arzttermine am Nachmittag) vor, kann die Schule eine Befreiung von der Teilnahme an der OGS genehmigen.<\/p>\n<p>Merkblatt zum Ausdrucken: <a href=\"https:\/\/hgw.bayern\/wp-content\/uploads\/2025\/03\/OGS_Infoblatt-und-Anmeldung_2025-26.pdf\">OGS_Infoblatt und Anmeldung_2025-26<\/a><\/p>\n<p>&nbsp;<\/p>\n","protected":false},"excerpt":{"rendered":"<p>Offene Ganztagssschule &#8211; email: ogs@hgw.bayern Am HGW ist eine Offene Ganztagsschule (OGS) in Kooperation mit der Caritas (Caritas-Zentrum Pfaffenhofen) eingerichtet. Diese \u00fcbernimmt die Verantwortung f\u00fcr &hellip;<\/p>\n","protected":false},"author":1,"featured_media":0,"parent":126,"menu_order":0,"comment_status":"open","ping_status":"closed","template":"","meta":{"footnotes":""},"class_list":["post-146","page","type-page","status-publish","hentry"],"_links":{"self":[{"href":"https:\/\/hgw.bayern\/index.php?rest_route=\/wp\/v2\/pages\/146","targetHints":{"allow":["GET"]}}],"collection":[{"href":"https:\/\/hgw.bayern\/index.php?rest_route=\/wp\/v2\/pages"}],"about":[{"href":"https:\/\/hgw.bayern\/index.php?rest_route=\/wp\/v2\/types\/page"}],"author":[{"embeddable":true,"href":"https:\/\/hgw.bayern\/index.php?rest_route=\/wp\/v2\/users\/1"}],"replies":[{"embeddable":true,"href":"https:\/\/hgw.bayern\/index.php?rest_route=%2Fwp%2Fv2%2Fcomments&post=146"}],"version-history":[{"count":38,"href":"https:\/\/hgw.bayern\/index.php?rest_route=\/wp\/v2\/pages\/146\/revisions"}],"predecessor-version":[{"id":18902,"href":"https:\/\/hgw.bayern\/index.php?rest_route=\/wp\/v2\/pages\/146\/revisions\/18902"}],"up":[{"embeddable":true,"href":"https:\/\/hgw.bayern\/index.php?rest_route=\/wp\/v2\/pages\/126"}],"wp:attachment":[{"href":"https:\/\/hgw.bayern\/index.php?rest_route=%2Fwp%2Fv2%2Fmedia&parent=146"}],"curies":[{"name":"wp","href":"https:\/\/api.w.org\/{rel}","templated":true}]}}