{"id":14880,"date":"2021-05-14T09:03:59","date_gmt":"2021-05-14T09:03:59","guid":{"rendered":"http:\/\/hallertau-gymnasium.de\/hgw14\/?page_id=14880"},"modified":"2021-05-20T08:54:27","modified_gmt":"2021-05-20T08:54:27","slug":"schulimkerei","status":"publish","type":"page","link":"https:\/\/hgw.bayern\/?page_id=14880","title":{"rendered":"\u201eBee happy!\u201c \u2013 Schulimkerei"},"content":{"rendered":"<p><a href=\"http:\/\/hallertau-gymnasium.de\/hgw14\/?page_id=14913\">News<\/a><a href=\"http:\/\/hallertau-gymnasium.de\/hgw14\/?page_id=14882\"> \u00a0\u00a0 <\/a><a href=\"http:\/\/hallertau-gymnasium.de\/hgw14\/?page_id=6336\">Forscher<\/a><a href=\"http:\/\/hallertau-gymnasium.de\/hgw14\/?page_id=14882\">\u00a0\u00a0\u00a0 <\/a><a href=\"http:\/\/hallertau-gymnasium.de\/hgw14\/?page_id=6339\">Wettbewerbe<\/a><a href=\"http:\/\/hallertau-gymnasium.de\/hgw14\/?page_id=14882\">\u00a0\u00a0 <\/a><a href=\"http:\/\/hallertau-gymnasium.de\/hgw14\/?page_id=6345\">Oberstufe<\/a><a href=\"http:\/\/hallertau-gymnasium.de\/hgw14\/?page_id=14882\">\u00a0\u00a0\u00a0 <\/a><a href=\"http:\/\/hallertau-gymnasium.de\/hgw14\/?page_id=6349\">F\u00f6rderung<\/a><a href=\"http:\/\/hallertau-gymnasium.de\/hgw14\/?page_id=14882\">\u00a0\u00a0\u00a0 <\/a><a href=\"http:\/\/hallertau-gymnasium.de\/hgw14\/?page_id=14880\">Schulimkerei\u00a0<\/a><a href=\"http:\/\/hallertau-gymnasium.de\/hgw14\/?page_id=14882\">\u00a0\u00a0 <\/a><a href=\"http:\/\/hallertau-gymnasium.de\/hgw14\/?page_id=14882\">Jugend pr\u00e4sentiert<\/a><\/p>\n<p><a href=\"http:\/\/hallertau-gymnasium.de\/hgw14\/wp-content\/uploads\/2021\/05\/BienenSM.jpg\"><img loading=\"lazy\" decoding=\"async\" class=\"alignnone size-large wp-image-14949\" src=\"http:\/\/hallertau-gymnasium.de\/hgw14\/wp-content\/uploads\/2021\/05\/BienenSM-1024x617.jpg\" alt=\"\" width=\"660\" height=\"398\" srcset=\"https:\/\/hgw.bayern\/wp-content\/uploads\/2021\/05\/BienenSM-1024x617.jpg 1024w, https:\/\/hgw.bayern\/wp-content\/uploads\/2021\/05\/BienenSM-300x181.jpg 300w, https:\/\/hgw.bayern\/wp-content\/uploads\/2021\/05\/BienenSM-768x462.jpg 768w, https:\/\/hgw.bayern\/wp-content\/uploads\/2021\/05\/BienenSM-600x361.jpg 600w, https:\/\/hgw.bayern\/wp-content\/uploads\/2021\/05\/BienenSM.jpg 1822w\" sizes=\"auto, (max-width: 660px) 100vw, 660px\" \/><\/a><\/p>\n<p>Eines der wichtigsten Naturwunder unserer Erde ist in Gefahr: die Honigbiene. Das Tier, das verl\u00e4sslich unsere Bl\u00fctenpflanzen best\u00e4ubt und damit unsere Ern\u00e4hrung sicherstellt, verschwindet langsam. Ein Leben ohne Bienen ist undenkbar.<br \/>\nUnser Wahlunterricht \u201cSchulimkerei\u201d m\u00f6chte einen kleinen Beitrag leisten, um dem zunehmenden Bienensterben entgegen zu halten und die Sch\u00fclerinnen und Sch\u00fcler daf\u00fcr sensibilisieren.<\/p>\n<p>Durch eine unmittelbare Begegnung mit der Natur entwickeln die Sch\u00fclerinnen und Sch\u00fcler ein tiefes Verst\u00e4ndnis f\u00fcr Vorg\u00e4nge und Zusammenh\u00e4nge in unserer Umwelt und erfahren, dass all das gleich vor unserer Haust\u00fcr \u201estattfindet\u201c.<\/p>\n<p>Derzeit stehen bei uns an der Schule drei Bienenv\u00f6lker. Das HGW- Schulimkereiteam, dem Sch\u00fclerinnen und Sch\u00fcler von der 5. Klasse bis zur Oberstufe angeh\u00f6hren, pflegt und betreut die Bienenv\u00f6lker w\u00e4hrend des ganzen Jahres. Dabei darf sich jeder einbringen, so viel er mag und sich zutraut. \u00c4ltere Sch\u00fcler unterst\u00fctzen dabei die j\u00fcngeren und geben ihre bereits gewonnene Erfahrungen an sie weiter. Auf diese Weise erfahren die Sch\u00fclerinnen und Sch\u00fcler viel Wissenswertes \u00fcber die Lebensweise der Bienen und ihre Bedrohung und verstehen die Bedeutung des nachhaltigen Umgangs mit der Natur.<\/p>\n<p>Im sp\u00e4ten Herbst und im Winter stehen Arbeiten wie das Reinigen der Bienenbeuten, das Einl\u00f6ten von Mittelw\u00e4nden in die R\u00e4hmchen und das Herstellen von Bienenwachskerzen f\u00fcr den Verkauf im Vordergrund. Im Fr\u00fchjahr und Sommer liegt der Schwerpunkt der T\u00e4tigkeiten bei den Bienen selbst in Form der w\u00f6chentlichen V\u00f6lkerkontrolle, sowie der Ernte unseres speziellen und einzigartigen HGW-Honigs.<\/p>\n<p><a href=\"http:\/\/hallertau-gymnasium.de\/hgw14\/wp-content\/uploads\/2021\/05\/Bienen1.jpg\"><img loading=\"lazy\" decoding=\"async\" class=\"alignnone size-large wp-image-14903\" src=\"http:\/\/hallertau-gymnasium.de\/hgw14\/wp-content\/uploads\/2021\/05\/Bienen1-1024x810.jpg\" alt=\"\" width=\"660\" height=\"522\" srcset=\"https:\/\/hgw.bayern\/wp-content\/uploads\/2021\/05\/Bienen1-1024x810.jpg 1024w, https:\/\/hgw.bayern\/wp-content\/uploads\/2021\/05\/Bienen1-300x237.jpg 300w, https:\/\/hgw.bayern\/wp-content\/uploads\/2021\/05\/Bienen1-768x607.jpg 768w, https:\/\/hgw.bayern\/wp-content\/uploads\/2021\/05\/Bienen1-600x474.jpg 600w, https:\/\/hgw.bayern\/wp-content\/uploads\/2021\/05\/Bienen1.jpg 1590w\" sizes=\"auto, (max-width: 660px) 100vw, 660px\" \/><\/a> <a href=\"http:\/\/hallertau-gymnasium.de\/hgw14\/wp-content\/uploads\/2021\/05\/Bienen2.jpg\"><img loading=\"lazy\" decoding=\"async\" class=\"alignnone size-large wp-image-14904\" src=\"http:\/\/hallertau-gymnasium.de\/hgw14\/wp-content\/uploads\/2021\/05\/Bienen2-1024x630.jpg\" alt=\"\" width=\"660\" height=\"406\" srcset=\"https:\/\/hgw.bayern\/wp-content\/uploads\/2021\/05\/Bienen2-1024x630.jpg 1024w, https:\/\/hgw.bayern\/wp-content\/uploads\/2021\/05\/Bienen2-300x185.jpg 300w, https:\/\/hgw.bayern\/wp-content\/uploads\/2021\/05\/Bienen2-768x473.jpg 768w, https:\/\/hgw.bayern\/wp-content\/uploads\/2021\/05\/Bienen2-600x369.jpg 600w, https:\/\/hgw.bayern\/wp-content\/uploads\/2021\/05\/Bienen2.jpg 1802w\" sizes=\"auto, (max-width: 660px) 100vw, 660px\" \/><\/a> <a href=\"http:\/\/hallertau-gymnasium.de\/hgw14\/wp-content\/uploads\/2021\/05\/Bienen3.jpg\"><img loading=\"lazy\" decoding=\"async\" class=\"alignnone size-large wp-image-14905\" src=\"http:\/\/hallertau-gymnasium.de\/hgw14\/wp-content\/uploads\/2021\/05\/Bienen3-842x1024.jpg\" alt=\"\" width=\"660\" height=\"803\" srcset=\"https:\/\/hgw.bayern\/wp-content\/uploads\/2021\/05\/Bienen3-842x1024.jpg 842w, https:\/\/hgw.bayern\/wp-content\/uploads\/2021\/05\/Bienen3-247x300.jpg 247w, https:\/\/hgw.bayern\/wp-content\/uploads\/2021\/05\/Bienen3-768x934.jpg 768w, https:\/\/hgw.bayern\/wp-content\/uploads\/2021\/05\/Bienen3-600x730.jpg 600w, https:\/\/hgw.bayern\/wp-content\/uploads\/2021\/05\/Bienen3.jpg 1282w\" sizes=\"auto, (max-width: 660px) 100vw, 660px\" \/><\/a> <a href=\"http:\/\/hallertau-gymnasium.de\/hgw14\/wp-content\/uploads\/2021\/05\/Bienen4.jpg\"><img loading=\"lazy\" decoding=\"async\" class=\"alignnone size-large wp-image-14906\" src=\"http:\/\/hallertau-gymnasium.de\/hgw14\/wp-content\/uploads\/2021\/05\/Bienen4-1024x720.jpg\" alt=\"\" width=\"660\" height=\"464\" srcset=\"https:\/\/hgw.bayern\/wp-content\/uploads\/2021\/05\/Bienen4-1024x720.jpg 1024w, https:\/\/hgw.bayern\/wp-content\/uploads\/2021\/05\/Bienen4-300x211.jpg 300w, https:\/\/hgw.bayern\/wp-content\/uploads\/2021\/05\/Bienen4-768x540.jpg 768w, https:\/\/hgw.bayern\/wp-content\/uploads\/2021\/05\/Bienen4-600x422.jpg 600w, https:\/\/hgw.bayern\/wp-content\/uploads\/2021\/05\/Bienen4.jpg 1686w\" sizes=\"auto, (max-width: 660px) 100vw, 660px\" \/><\/a><\/p>\n<p><a href=\"http:\/\/hallertau-gymnasium.de\/hgw14\/wp-content\/uploads\/2021\/05\/Bienen2SM-1.jpg\"><img loading=\"lazy\" decoding=\"async\" class=\"alignnone size-large wp-image-14951\" src=\"http:\/\/hallertau-gymnasium.de\/hgw14\/wp-content\/uploads\/2021\/05\/Bienen2SM-1-1024x582.jpg\" alt=\"\" width=\"660\" height=\"375\" srcset=\"https:\/\/hgw.bayern\/wp-content\/uploads\/2021\/05\/Bienen2SM-1-1024x582.jpg 1024w, https:\/\/hgw.bayern\/wp-content\/uploads\/2021\/05\/Bienen2SM-1-300x171.jpg 300w, https:\/\/hgw.bayern\/wp-content\/uploads\/2021\/05\/Bienen2SM-1-768x437.jpg 768w, https:\/\/hgw.bayern\/wp-content\/uploads\/2021\/05\/Bienen2SM-1-600x341.jpg 600w, https:\/\/hgw.bayern\/wp-content\/uploads\/2021\/05\/Bienen2SM-1.jpg 1875w\" sizes=\"auto, (max-width: 660px) 100vw, 660px\" \/><\/a><\/p>\n","protected":false},"excerpt":{"rendered":"<p>News \u00a0\u00a0 Forscher\u00a0\u00a0\u00a0 Wettbewerbe\u00a0\u00a0 Oberstufe\u00a0\u00a0\u00a0 F\u00f6rderung\u00a0\u00a0\u00a0 Schulimkerei\u00a0\u00a0\u00a0 Jugend pr\u00e4sentiert Eines der wichtigsten Naturwunder unserer Erde ist in Gefahr: die Honigbiene. Das Tier, das verl\u00e4sslich unsere &hellip;<\/p>\n","protected":false},"author":5,"featured_media":0,"parent":6275,"menu_order":6,"comment_status":"closed","ping_status":"closed","template":"","meta":{"footnotes":""},"class_list":["post-14880","page","type-page","status-publish","hentry"],"_links":{"self":[{"href":"https:\/\/hgw.bayern\/index.php?rest_route=\/wp\/v2\/pages\/14880","targetHints":{"allow":["GET"]}}],"collection":[{"href":"https:\/\/hgw.bayern\/index.php?rest_route=\/wp\/v2\/pages"}],"about":[{"href":"https:\/\/hgw.bayern\/index.php?rest_route=\/wp\/v2\/types\/page"}],"author":[{"embeddable":true,"href":"https:\/\/hgw.bayern\/index.php?rest_route=\/wp\/v2\/users\/5"}],"replies":[{"embeddable":true,"href":"https:\/\/hgw.bayern\/index.php?rest_route=%2Fwp%2Fv2%2Fcomments&post=14880"}],"version-history":[{"count":6,"href":"https:\/\/hgw.bayern\/index.php?rest_route=\/wp\/v2\/pages\/14880\/revisions"}],"predecessor-version":[{"id":14952,"href":"https:\/\/hgw.bayern\/index.php?rest_route=\/wp\/v2\/pages\/14880\/revisions\/14952"}],"up":[{"embeddable":true,"href":"https:\/\/hgw.bayern\/index.php?rest_route=\/wp\/v2\/pages\/6275"}],"wp:attachment":[{"href":"https:\/\/hgw.bayern\/index.php?rest_route=%2Fwp%2Fv2%2Fmedia&parent=14880"}],"curies":[{"name":"wp","href":"https:\/\/api.w.org\/{rel}","templated":true}]}}