{"id":262,"date":"2014-07-16T14:02:15","date_gmt":"2014-07-16T14:02:15","guid":{"rendered":"http:\/\/hallertau-gymnasium.de\/hgw14\/?page_id=262"},"modified":"2026-02-14T10:49:04","modified_gmt":"2026-02-14T10:49:04","slug":"nachhilfeboerse","status":"publish","type":"page","link":"https:\/\/hgw.bayern\/?page_id=262","title":{"rendered":"Nachhilfeb\u00f6rse"},"content":{"rendered":"<h3><strong>Die Nachhilfeb\u00f6rse (NHB) des HGW<\/strong><\/h3>\n<p><strong>Was ist das? <\/strong>Die Nachhilfeb\u00f6rse ist ein stark nachgefragtes Angebot von Sch\u00fclern f\u00fcr Sch\u00fcler des HGW. In der Regel werden pro Schuljahr ca. 50 &#8222;Nachhilfelehrer &#8220; vermittelt! Sch\u00fclerinnen und Sch\u00fcler der Jahrgangsstufen 9-12 bieten in den folgenden F\u00e4chern Nachhilfe an:<\/p>\n<ul>\n<li>Deutsch<\/li>\n<li>Englisch<\/li>\n<li>Franz\u00f6sisch<\/li>\n<li>Italienisch<\/li>\n<li>Latein<\/li>\n<li>Mathematik<\/li>\n<li>Physik<\/li>\n<li>Biologie<\/li>\n<li>Chemie<\/li>\n<li>Informatik<\/li>\n<\/ul>\n<p><strong>Wie teuer ist diese Nachhilfe? <\/strong>Die Nachhilfe kostet 8\u20ac pro 45 Minuten Nachhilfe. Das Geld erh\u00e4lt der Sch\u00fcler\/ die Sch\u00fclerin direkt im Anschluss an die Nachhilfestunde.<\/p>\n<p><strong>Wie funktioniert die NHB? <\/strong>Interessierte Sch\u00fcler der Jahrgangsstufen 9-12 lassen sich am Anfang eines jeden Schuljahres f\u00fcr die NHB registrieren. Nachhilfesuchende Sch\u00fcler aller Jahrgangsstufen erhalten bei Nachfrage die Kontaktdaten von jeweils 1 potentiellen \u201eNachhilfelehrer\/in\u201c (Name, Jahrgangsstufe, Wohnort, Telefonnummer).<\/p>\n<p><strong>Wie wird der Kontakt hergestellt? <\/strong>Sch\u00fcler, die an Nachhilfe interessiert sind, bzw. deren Eltern wenden sich an die Koordinatorin der NHB<strong> Frau OStRin Anke Feistner<\/strong>, um die Kontaktdaten zu erhalten. Sie melden sich dann bei dem\/der potentiellen \u201eNachhilfelehrer\/in\u201c. Gemeinsam besprechen sie, wann, wo, wie oft die Nachhilfe stattfinden soll. Danach informieren sie Frau Feistner \u00fcber den Erfolg der Vermittlung.<\/p>\n<p><strong>K\u00f6nnen W\u00fcnsche ber\u00fccksichtigt werden? <\/strong>H\u00e4ufig ist es m\u00f6glich, spezielle W\u00fcnsche der Nachhilfesuchenden (z.B. Junge\/M\u00e4dchen, Sch\u00fcler aus dem Heimatort, Sch\u00fcler einer bestimmten Jahrgangsstufe) zu ber\u00fccksichtigen. Erfahrungsgem\u00e4\u00df wird dies jedoch besonders in den Kernf\u00e4chern im 2. Halbjahr zunehmend schwieriger.<\/p>\n<p><strong>Wie ist Frau OStRin Anke Feistner erreichbar? <\/strong><\/p>\n<p>-&gt; f\u00fcr Eltern erreichbar: telefonisch in meiner Sprechstunde -&gt; Die 3. Stunde \u00a0oder E-mail: anke.feistner@hgw.bayern<br \/>\n-&gt; f\u00fcr Sch\u00fcler erreichbar: Lehrerzimmer -&gt; Mo + Die 1. Pause<\/p>\n<p>bzw. telefonisch zu anderen Zeiten (Mo-Do): Bitte im Sekretariat anrufen. Frau Feistner ruft i.d.R. zeitnah zur\u00fcck.<\/p>\n<p>Kostenlose F\u00f6rderkurse ab Februar 2026:<\/p>\n<p><a href=\"https:\/\/hgw.bayern\/wp-content\/uploads\/2026\/02\/FoeU2026.png\"><img loading=\"lazy\" decoding=\"async\" class=\"alignnone size-full wp-image-19826\" src=\"https:\/\/hgw.bayern\/wp-content\/uploads\/2026\/02\/FoeU2026.png\" alt=\"\" width=\"687\" height=\"774\" srcset=\"https:\/\/hgw.bayern\/wp-content\/uploads\/2026\/02\/FoeU2026.png 687w, https:\/\/hgw.bayern\/wp-content\/uploads\/2026\/02\/FoeU2026-266x300.png 266w\" sizes=\"auto, (max-width: 687px) 100vw, 687px\" \/><\/a><\/p>\n","protected":false},"excerpt":{"rendered":"<p>Die Nachhilfeb\u00f6rse (NHB) des HGW Was ist das? Die Nachhilfeb\u00f6rse ist ein stark nachgefragtes Angebot von Sch\u00fclern f\u00fcr Sch\u00fcler des HGW. In der Regel werden &hellip;<\/p>\n","protected":false},"author":2,"featured_media":0,"parent":132,"menu_order":0,"comment_status":"closed","ping_status":"closed","template":"","meta":{"footnotes":""},"class_list":["post-262","page","type-page","status-publish","hentry"],"_links":{"self":[{"href":"https:\/\/hgw.bayern\/index.php?rest_route=\/wp\/v2\/pages\/262","targetHints":{"allow":["GET"]}}],"collection":[{"href":"https:\/\/hgw.bayern\/index.php?rest_route=\/wp\/v2\/pages"}],"about":[{"href":"https:\/\/hgw.bayern\/index.php?rest_route=\/wp\/v2\/types\/page"}],"author":[{"embeddable":true,"href":"https:\/\/hgw.bayern\/index.php?rest_route=\/wp\/v2\/users\/2"}],"replies":[{"embeddable":true,"href":"https:\/\/hgw.bayern\/index.php?rest_route=%2Fwp%2Fv2%2Fcomments&post=262"}],"version-history":[{"count":22,"href":"https:\/\/hgw.bayern\/index.php?rest_route=\/wp\/v2\/pages\/262\/revisions"}],"predecessor-version":[{"id":19827,"href":"https:\/\/hgw.bayern\/index.php?rest_route=\/wp\/v2\/pages\/262\/revisions\/19827"}],"up":[{"embeddable":true,"href":"https:\/\/hgw.bayern\/index.php?rest_route=\/wp\/v2\/pages\/132"}],"wp:attachment":[{"href":"https:\/\/hgw.bayern\/index.php?rest_route=%2Fwp%2Fv2%2Fmedia&parent=262"}],"curies":[{"name":"wp","href":"https:\/\/api.w.org\/{rel}","templated":true}]}}