{"id":56,"date":"2014-07-08T16:50:59","date_gmt":"2014-07-08T16:50:59","guid":{"rendered":"http:\/\/hallertau-gymnasium.de\/hgw14\/?page_id=56"},"modified":"2021-05-14T09:45:44","modified_gmt":"2021-05-14T09:45:44","slug":"mathematik","status":"publish","type":"page","link":"https:\/\/hgw.bayern\/?page_id=56","title":{"rendered":"Mathematik"},"content":{"rendered":"<h3>Mathematik<\/h3>\n<p><em>Die Mathematik ist eine wunderbare Lehrerin f\u00fcr die Kunst, die Gedanken zu ordnen, Unsinn zu beseitigen und Klarheit zu schaffen.<\/em><br \/>\n(Jean-Henri Fabre, 1823-1915)<\/p>\n<p><a href=\"http:\/\/hallertau-gymnasium.de\/hgw14\/wp-content\/uploads\/2014\/07\/M01.jpg\"><img loading=\"lazy\" decoding=\"async\" class=\"alignleft wp-image-952 \" src=\"http:\/\/hallertau-gymnasium.de\/hgw14\/wp-content\/uploads\/2014\/07\/M01-1024x505.jpg\" alt=\"M01\" width=\"642\" height=\"316\" srcset=\"https:\/\/hgw.bayern\/wp-content\/uploads\/2014\/07\/M01-1024x505.jpg 1024w, https:\/\/hgw.bayern\/wp-content\/uploads\/2014\/07\/M01-300x148.jpg 300w, https:\/\/hgw.bayern\/wp-content\/uploads\/2014\/07\/M01-900x444.jpg 900w, https:\/\/hgw.bayern\/wp-content\/uploads\/2014\/07\/M01.jpg 1684w\" sizes=\"auto, (max-width: 642px) 100vw, 642px\" \/><\/a>Nicht nur im Mathematik-Unterricht sondern auch dar\u00fcber hinaus k\u00f6nnen unsere Sch\u00fcler ihre Gedanken ordnen und sich Klarheit verschaffen:<\/p>\n<p>So gelang es P-Seminaren Mathematik mit ihren Ausstellungen \u201eMythos Mathe\u201c und \u201ePi mal Daumen\u201c die Begeisterung f\u00fcr Mathematik bei den Sch\u00fclern und Eltern am HGW zu vergr\u00f6\u00dfern. Interessante mathematische Sachverhalte und Spielereien wurden durch Exponate zum Anfassen (siehe Bilder) f\u00fcr jeden verst\u00e4ndlich dargestellt. Am Tag der offenen T\u00fcr konnte eine kleine Auswahl dieser Ausstellungsst\u00fccke die Besucher in ihren Bann ziehen.<\/p>\n<p><a href=\"http:\/\/hallertau-gymnasium.de\/hgw14\/wp-content\/uploads\/2014\/07\/M03.jpg\"><img loading=\"lazy\" decoding=\"async\" class=\"alignleft wp-image-955 size-medium\" src=\"http:\/\/hallertau-gymnasium.de\/hgw14\/wp-content\/uploads\/2014\/07\/M03-300x225.jpg\" alt=\"Supra\" width=\"300\" height=\"225\" srcset=\"https:\/\/hgw.bayern\/wp-content\/uploads\/2014\/07\/M03-300x225.jpg 300w, https:\/\/hgw.bayern\/wp-content\/uploads\/2014\/07\/M03-1024x768.jpg 1024w, https:\/\/hgw.bayern\/wp-content\/uploads\/2014\/07\/M03-900x675.jpg 900w\" sizes=\"auto, (max-width: 300px) 100vw, 300px\" \/><\/a><a href=\"http:\/\/hallertau-gymnasium.de\/hgw14\/wp-content\/uploads\/2014\/07\/M02.jpg\"><img loading=\"lazy\" decoding=\"async\" class=\"alignleft wp-image-954 size-medium\" src=\"http:\/\/hallertau-gymnasium.de\/hgw14\/wp-content\/uploads\/2014\/07\/M02-300x225.jpg\" alt=\"M02\" width=\"300\" height=\"225\" srcset=\"https:\/\/hgw.bayern\/wp-content\/uploads\/2014\/07\/M02-300x225.jpg 300w, https:\/\/hgw.bayern\/wp-content\/uploads\/2014\/07\/M02-1024x768.jpg 1024w, https:\/\/hgw.bayern\/wp-content\/uploads\/2014\/07\/M02-900x675.jpg 900w, https:\/\/hgw.bayern\/wp-content\/uploads\/2014\/07\/M02.jpg 1382w\" sizes=\"auto, (max-width: 300px) 100vw, 300px\" \/><\/a><\/p>\n<p>Stellvertretend f\u00fcr die verschiedenen Mathematik-Wettbewerbe (s.u.), die am HGW angeboten werden, sei hier der Wettbewerb \u201eK\u00e4nguru der Mathematik\u201c genannt. Seit 2002 st\u00fcrzen sich jedes Jahr im M\u00e4rz viele unserer Sch\u00fclerinnen und Sch\u00fcler zusammen mit mehr als sechs Millionen Gleichgesinnten aus \u00fcber 50 L\u00e4ndern auf die mathematischen Problemstellungen und Logikr\u00e4tsel dieses Multiple-Choice-Wettbewerbs.<br \/>\nUm unseren Sch\u00fclerinnen und Sch\u00fclern im Fach Mathematik das selbstst\u00e4ndige Wiederholen von Grundlagen und das Ein\u00fcben von aktuellem Stoff zu erleichtern, hat die Fachschaft Mathematik eine Schullizenz f\u00fcr \u201eMathegym\u201c, einer auf den Lehrplan abgestimmten Mathematik-Lernplattform, erworben, deren Kosten der Landkreis Pfaffenhofen \u00fcbernimmt.<br \/>\nWir w\u00fcnschen <strong>allen <\/strong>Sch\u00fclerinnen und Sch\u00fclern viel Neugierde und Freude, <strong>die Sch\u00f6nheit der Mathematik<\/strong> zu entdecken.<\/p>\n<p><strong>Grundwissen (5. \u2013 10. Klasse)<\/strong>: <a href=\"https:\/\/gymnasium-landau.de\/fahttps:\/\/gymnasium-landau.de\/faecher\/mathematik\/echer\/mathematik\/\">https:\/\/gymnasium-landau.de\/faecher\/mathematik\/<\/a><\/p>\n<p><em>Dieser Link f\u00fchrt zum Grundwissenskatalog des Gymnasiums Landau an der Isar. Er besteht aus Grundwissenskarten zu den jeweiligen Themengebieten des Lehrplans, auf denen das Wichtigste zusammengefasst ist. Die Karten erheben keinen Anspruch auf Vollst\u00e4ndigkeit. Sie sollen lediglich als Anhaltspunkt dienen.<\/em><\/p>\n<p><strong>Mathematik im Internet<\/strong><\/p>\n<p>Mathegym \u2013 Lernplattform: <a href=\"http:\/\/www.mathegym.de\/\">http:\/\/www.mathegym.de<br \/>\n<\/a><em>Dieser Link f\u00fchrt direkt zur Startseite der Lernplattform Mathegym. Auf dieser Seite kann jeder Sch\u00fcler individuell und selbstst\u00e4ndig in s\u00e4mtlichen Themengebieten der Schulmathematik \u00fcben und sich verbessern.<\/em><\/p>\n<p>SMART \u2013 Aufgabensammlung: <a href=\"http:\/\/btmdx1.mat.uni-bayreuth.de\/smart\/gym\/\">https:\/\/smart.uni-bayreuth.de\/<br \/>\n<\/a><em>SMART ist eine Aufgabensammlung f\u00fcr die Klassen 5-11. Sie wurde\u00a0von einem Arbeitskreis des ISB zusammen mit der Uni Bayreuth erstellt.<\/em><\/p>\n<p>Bayerischer \u2013 Mathematik \u2013 Test: <a href=\"http:\/\/www.isb.bayern.de\/gymnasium\/leistungserhebungen\/jahrgangsstufenarbeiten-gymnasium\/mathematik\/\">http:\/\/www.isb.bayern.de\/gymnasium\/leistungserhebungen\/jahrgangsstufenarbeiten-gymnasium\/mathematik\/<br \/>\n<\/a><em>Dieser Link f\u00fchrt zu BMT-Aufgaben und deren L\u00f6sungen der vergangenen Jahre.<\/em><\/p>\n<p>GeoGebra: <a href=\"http:\/\/www.geogebra.org\/cms\/de\/download\">https:\/\/www.geogebra.org\/download<br \/>\n<\/a><em>Geogebra Classic 5 (v.a. f\u00fcr Laptops, PCs) und Geogebra Classic 6 (v.a. f\u00fcr Tablets) sind Programme, die Funktionen, Geometrie, Algebra und Tabellenkalkulation miteinander verbinden. Man kann es sowohl online bedienen als auch herunterladen (Freeware). Dieses Programm kann beispielsweise beim Arbeiten mit Funktionen oder beim Plotten von Funktionen mit mehreren Variablen sehr gut eingesetzt werden. <\/em><\/p>\n<p>Merkhilfe Mathematik: <a href=\"http:\/\/www.isb.bayern.de\/schulartspezifisches\/materialien\/merkhilfe_fuer_das_fach_mathematik\/\">http:\/\/www.isb.bayern.de\/schulartspezifisches\/materialien\/merkhilfe_fuer_das_fach_mathematik\/<\/a><br \/>\n<em>Dieser Link f\u00fchrt zur Homepage des ISB. Auf dieser Internetseite kann die Merkhilfe, welche f\u00fcr das Gymnasium zugelassen ist, heruntergeladen werden.<\/em><\/p>\n<p><strong>Mathematik \u2013 Wettbewerbe<\/strong><\/p>\n<p>K\u00e4nguru \u2013 Wettbewerb: <a href=\"http:\/\/www.mathe-kaenguru.de\/\">http:\/\/www.mathe-kaenguru.de\/<br \/>\n<\/a><em>Ein Mathematikwettbewerb f\u00fcr Sch\u00fclerinnen und Sch\u00fcler der Jahrgangsstufen 5 bis 12, bei dem viele sch\u00f6ne Preise winken.<\/em><\/p>\n<p>Internationaler Mathematik Teamwettbewerb \u201eBolyai\u201d: https:\/\/www.bolyaiteam.de\/<br \/>\n<em>Bei diesem in Ungarn ins Leben gerufenen Wettbewerb l\u00f6sen die Sch\u00fclerinnen und Sch\u00fcler anspruchsvolle Denkaufgaben in Vierer-Teams in konstruktiver Zusammenarbeit. Der Wettbewerb spricht alle Jahrgangsstufen von 5 bis 12 an.<\/em><\/p>\n<p>&nbsp;<\/p>\n<p>Mathematikolympiade: <a href=\"https:\/\/www.mo-by.de\/\">https:\/\/www.mo-by.de\/<\/a><br \/>\n<em>Die Mathematik-Olympiade ist ein mehrstufiger Klausurwettbewerb der Mathematik. Er verl\u00e4uft nach Jahrgangsstufen (5-12) getrennt, erstreckt sich \u00fcber vier Runden und wird j\u00e4hrlich bundesweit unter Federf\u00fchrung des Vereins <\/em><a href=\"http:\/\/www.mathematik-olympiaden.de\"><em>Mathematik-Olympiade e.V.<\/em><\/a><em>, sowie in Bayern durch den MOBy e.V. durchgef\u00fchrt.<\/em><\/p>\n<p>Landeswettbewerb Mathematik: <a href=\"http:\/\/lwmb.de\/\">http:\/\/lwmb.de\/<br \/>\n<\/a><em>Ein Mathematikwettbewerb f\u00fcr Sch\u00fclerinnen und Sch\u00fcler bis einschlie\u00dflich Jahrgangsstufe 10. Der Landeswettbewerb stellt die Vorstufe des Bundeswettbewerbs dar.<\/em><\/p>\n<p>Bundeswettbewerb Mathematik: <a href=\"http:\/\/www.mathe-wettbewerbe.de\/bwm\/\">https:\/\/www.mathe-wettbewerbe.de\/bundeswettbewerb-mathematik<br \/>\n<\/a><em>Der Bundeswettbewerb Mathematik ist sozusagen die K\u00f6nigsdisziplin unter den Mathematikwettbewerben. Nur ausdauernde, leistungsstarke und kreative Sch\u00fclerinnen und Sch\u00fcler werden hier Erfolg haben. Deshalb sorgt eine erfolgreiche Teilnahme \u2013 nicht nur in der Schule \u2013 f\u00fcr hohes Ansehen. Obwohl alle Sch\u00fclerinnen und Sch\u00fcler des Gymnasiums teilnahmeberechtigt sind, ist er eher an die der Jahrgangsstufen 9 bis 12 gerichtet.<\/em><\/p>\n<p>&nbsp;<\/p>\n","protected":false},"excerpt":{"rendered":"<p>Mathematik Die Mathematik ist eine wunderbare Lehrerin f\u00fcr die Kunst, die Gedanken zu ordnen, Unsinn zu beseitigen und Klarheit zu schaffen. (Jean-Henri Fabre, 1823-1915) Nicht &hellip;<\/p>\n","protected":false},"author":1,"featured_media":0,"parent":36,"menu_order":0,"comment_status":"open","ping_status":"open","template":"","meta":{"footnotes":""},"class_list":["post-56","page","type-page","status-publish","hentry"],"_links":{"self":[{"href":"https:\/\/hgw.bayern\/index.php?rest_route=\/wp\/v2\/pages\/56","targetHints":{"allow":["GET"]}}],"collection":[{"href":"https:\/\/hgw.bayern\/index.php?rest_route=\/wp\/v2\/pages"}],"about":[{"href":"https:\/\/hgw.bayern\/index.php?rest_route=\/wp\/v2\/types\/page"}],"author":[{"embeddable":true,"href":"https:\/\/hgw.bayern\/index.php?rest_route=\/wp\/v2\/users\/1"}],"replies":[{"embeddable":true,"href":"https:\/\/hgw.bayern\/index.php?rest_route=%2Fwp%2Fv2%2Fcomments&post=56"}],"version-history":[{"count":18,"href":"https:\/\/hgw.bayern\/index.php?rest_route=\/wp\/v2\/pages\/56\/revisions"}],"predecessor-version":[{"id":14912,"href":"https:\/\/hgw.bayern\/index.php?rest_route=\/wp\/v2\/pages\/56\/revisions\/14912"}],"up":[{"embeddable":true,"href":"https:\/\/hgw.bayern\/index.php?rest_route=\/wp\/v2\/pages\/36"}],"wp:attachment":[{"href":"https:\/\/hgw.bayern\/index.php?rest_route=%2Fwp%2Fv2%2Fmedia&parent=56"}],"curies":[{"name":"wp","href":"https:\/\/api.w.org\/{rel}","templated":true}]}}