{"id":6275,"date":"2016-12-10T09:59:20","date_gmt":"2016-12-10T09:59:20","guid":{"rendered":"http:\/\/hallertau-gymnasium.de\/hgw14\/?page_id=6275"},"modified":"2021-05-14T09:51:16","modified_gmt":"2021-05-14T09:51:16","slug":"mint-bereich","status":"publish","type":"page","link":"https:\/\/hgw.bayern\/?page_id=6275","title":{"rendered":"MINT-Bereich"},"content":{"rendered":"<p><a href=\"http:\/\/hallertau-gymnasium.de\/hgw14\/?page_id=14913\">News<\/a> \u00a0\u00a0 <a href=\"http:\/\/hallertau-gymnasium.de\/hgw14\/?page_id=6336\">Forscher<\/a>\u00a0\u00a0\u00a0 <a href=\"http:\/\/hallertau-gymnasium.de\/hgw14\/?page_id=6339\">Wettbewerbe<\/a>\u00a0\u00a0 <a href=\"http:\/\/hallertau-gymnasium.de\/hgw14\/?page_id=6345\">Oberstufe<\/a>\u00a0\u00a0\u00a0 <a href=\"http:\/\/hallertau-gymnasium.de\/hgw14\/?page_id=6349\">F\u00f6rderung<\/a>\u00a0\u00a0\u00a0 <a href=\"http:\/\/hallertau-gymnasium.de\/hgw14\/?page_id=14880\">Schulimkerei\u00a0<\/a>\u00a0\u00a0 <a href=\"http:\/\/hallertau-gymnasium.de\/hgw14\/?page_id=14882\">Jugend pr\u00e4sentiert<\/a><\/p>\n<p>Unsere Aktivit\u00e4ten im MINT-Bereich sind breit gef\u00e4chert. F\u00fcr genauere Informationen zu speziellen Themen folgen Sie bitte den oberen Links.<\/p>\n<p>Einen ersten \u00dcberblick \u00fcber unsere umfangreichen Angebote sehen Sie hier:<\/p>\n<p><a href=\"http:\/\/hallertau-gymnasium.de\/hgw14\/wp-content\/uploads\/2016\/12\/Mindmap.png\"><img loading=\"lazy\" decoding=\"async\" class=\"alignnone size-large wp-image-14843\" src=\"http:\/\/hallertau-gymnasium.de\/hgw14\/wp-content\/uploads\/2016\/12\/Mindmap-1002x1024.png\" alt=\"\" width=\"660\" height=\"674\" srcset=\"https:\/\/hgw.bayern\/wp-content\/uploads\/2016\/12\/Mindmap-1002x1024.png 1002w, https:\/\/hgw.bayern\/wp-content\/uploads\/2016\/12\/Mindmap-294x300.png 294w, https:\/\/hgw.bayern\/wp-content\/uploads\/2016\/12\/Mindmap-768x785.png 768w, https:\/\/hgw.bayern\/wp-content\/uploads\/2016\/12\/Mindmap-600x613.png 600w, https:\/\/hgw.bayern\/wp-content\/uploads\/2016\/12\/Mindmap.png 1112w\" sizes=\"auto, (max-width: 660px) 100vw, 660px\" \/><\/a><\/p>\n<p>&nbsp;<\/p>\n<h6><\/h6>\n","protected":false},"excerpt":{"rendered":"<p>News \u00a0\u00a0 Forscher\u00a0\u00a0\u00a0 Wettbewerbe\u00a0\u00a0 Oberstufe\u00a0\u00a0\u00a0 F\u00f6rderung\u00a0\u00a0\u00a0 Schulimkerei\u00a0\u00a0\u00a0 Jugend pr\u00e4sentiert Unsere Aktivit\u00e4ten im MINT-Bereich sind breit gef\u00e4chert. F\u00fcr genauere Informationen zu speziellen Themen folgen Sie bitte &hellip;<\/p>\n","protected":false},"author":6,"featured_media":0,"parent":126,"menu_order":0,"comment_status":"closed","ping_status":"closed","template":"","meta":{"footnotes":""},"class_list":["post-6275","page","type-page","status-publish","hentry"],"_links":{"self":[{"href":"https:\/\/hgw.bayern\/index.php?rest_route=\/wp\/v2\/pages\/6275","targetHints":{"allow":["GET"]}}],"collection":[{"href":"https:\/\/hgw.bayern\/index.php?rest_route=\/wp\/v2\/pages"}],"about":[{"href":"https:\/\/hgw.bayern\/index.php?rest_route=\/wp\/v2\/types\/page"}],"author":[{"embeddable":true,"href":"https:\/\/hgw.bayern\/index.php?rest_route=\/wp\/v2\/users\/6"}],"replies":[{"embeddable":true,"href":"https:\/\/hgw.bayern\/index.php?rest_route=%2Fwp%2Fv2%2Fcomments&post=6275"}],"version-history":[{"count":44,"href":"https:\/\/hgw.bayern\/index.php?rest_route=\/wp\/v2\/pages\/6275\/revisions"}],"predecessor-version":[{"id":14921,"href":"https:\/\/hgw.bayern\/index.php?rest_route=\/wp\/v2\/pages\/6275\/revisions\/14921"}],"up":[{"embeddable":true,"href":"https:\/\/hgw.bayern\/index.php?rest_route=\/wp\/v2\/pages\/126"}],"wp:attachment":[{"href":"https:\/\/hgw.bayern\/index.php?rest_route=%2Fwp%2Fv2%2Fmedia&parent=6275"}],"curies":[{"name":"wp","href":"https:\/\/api.w.org\/{rel}","templated":true}]}}