{"id":6339,"date":"2016-12-10T11:16:32","date_gmt":"2016-12-10T11:16:32","guid":{"rendered":"http:\/\/hallertau-gymnasium.de\/hgw14\/?page_id=6339"},"modified":"2021-05-14T09:50:08","modified_gmt":"2021-05-14T09:50:08","slug":"wir-gewinnen-wettbewerbe-2","status":"publish","type":"page","link":"https:\/\/hgw.bayern\/?page_id=6339","title":{"rendered":"Wir gewinnen &#8211; Wettbewerbe"},"content":{"rendered":"<p><a href=\"http:\/\/hallertau-gymnasium.de\/hgw14\/?page_id=14913\">News<\/a><a href=\"http:\/\/hallertau-gymnasium.de\/hgw14\/?page_id=14882\"> \u00a0\u00a0 <\/a><a href=\"http:\/\/hallertau-gymnasium.de\/hgw14\/?page_id=6336\">Forscher<\/a><a href=\"http:\/\/hallertau-gymnasium.de\/hgw14\/?page_id=14882\">\u00a0\u00a0\u00a0 <\/a><a href=\"http:\/\/hallertau-gymnasium.de\/hgw14\/?page_id=6339\">Wettbewerbe<\/a><a href=\"http:\/\/hallertau-gymnasium.de\/hgw14\/?page_id=14882\">\u00a0\u00a0 <\/a><a href=\"http:\/\/hallertau-gymnasium.de\/hgw14\/?page_id=6345\">Oberstufe<\/a><a href=\"http:\/\/hallertau-gymnasium.de\/hgw14\/?page_id=14882\">\u00a0\u00a0\u00a0 <\/a><a href=\"http:\/\/hallertau-gymnasium.de\/hgw14\/?page_id=6349\">F\u00f6rderung<\/a><a href=\"http:\/\/hallertau-gymnasium.de\/hgw14\/?page_id=14882\">\u00a0\u00a0\u00a0 <\/a><a href=\"http:\/\/hallertau-gymnasium.de\/hgw14\/?page_id=14880\">Schulimkerei\u00a0<\/a><a href=\"http:\/\/hallertau-gymnasium.de\/hgw14\/?page_id=14882\">\u00a0\u00a0 <\/a><a href=\"http:\/\/hallertau-gymnasium.de\/hgw14\/?page_id=14882\">Jugend pr\u00e4sentiert<\/a><a href=\"http:\/\/hallertau-gymnasium.de\/hgw14\/?page_id=14882\"><\/a><\/p>\n<p>Unsere Sch\u00fcler nehmen regelm\u00e4\u00dfig an zahlreichen Wettbewerben im MINT-Bereich teil. Wenn du dich auch daf\u00fcr interessierst kannst du dich unter den folgenden Links \u00fcber aktuelle Wettbewerbe informieren oder die jeweiligen Kollegen ansprechen. Hilfe erh\u00e4ltst du im Wahlkurs MINT nach Eins.<\/p>\n<p>Mathematik (Ansprechpartner sind Hr. M\u00fcller und Hr. Probek):<\/p>\n<ul>\n<li><a href=\"http:\/\/www.mathematik-olympiaden.de\/\">Matheolympiade<\/a><\/li>\n<li><a href=\"http:\/\/www.mathe-kaenguru.de\/\">K\u00e4nguru Mathematik<\/a><\/li>\n<li><a href=\"http:\/\/www.bolyaiteam.de\/\">Bolyai<\/a><\/li>\n<li><a href=\"http:\/\/lwmb.de\/\">Landeswettbewerb Mathematik<\/a><\/li>\n<li><a href=\"http:\/\/www.mathe-wettbewerbe.de\/bwm\/\">Bundeswettbewerb Mathematik<\/a><\/li>\n<\/ul>\n<p>Physik (Ansprechpartner sind Fr. Wegele):<\/p>\n<ul>\n<li><a href=\"http:\/\/wettbewerbe.ipn.uni-kiel.de\/ipho\/\">Physikolympiade<\/a><\/li>\n<li><a href=\"https:\/\/www.physik-im-advent.de\/\">Physik im Advent<\/a><\/li>\n<\/ul>\n<p>F\u00e4cher\u00fcbergreifende Wettbewerbe (Ansprechpartner Fr. Raum und Hr. Probek):<\/p>\n<ul>\n<li><a href=\"http:\/\/www.jugend-forscht.de\/teilnahme\/alterssparten\/schueler-experimentieren.html\">Sch\u00fcler experimentieren<\/a><\/li>\n<li><a href=\"http:\/\/www.jugend-forscht.de\/\">Jugend forscht<\/a><\/li>\n<li><a href=\"https:\/\/www.jugend-praesentiert.de\/\">Jugend pr\u00e4sentiert<\/a> (Ansprechpartner Fr. Sch\u00e4ffer)<\/li>\n<li><a href=\"https:\/\/www.km.bayern.de\/schueler\/meldung\/53\/freude-am-experimentieren-landeswettbewerb-experimente-antworten.html\">Experimente antworten<\/a><\/li>\n<li><a href=\"https:\/\/www.umwelt-einstein.de\/\">Umwelt-Einstein<\/a><\/li>\n<li><a href=\"https:\/\/www.scienceolympiaden.de\/ijso\">Junior Science Olympiade<\/a><\/li>\n<li><a href=\"https:\/\/www.junioring.ingenieure.de\/\">Junior.ING Sch\u00fclerwettbewerb<\/a><\/li>\n<\/ul>\n<p>Informatik (Ansprechpartner Fr. Wegele):<\/p>\n<ul>\n<li><a href=\"http:\/\/wettbewerb.informatik-biber.de\/\">Biber-Informatik-Wettbewerb<\/a><\/li>\n<li><a href=\"http:\/\/wettbewerbe.ipn.uni-kiel.de\/icho\/\">Bundeswettbewerb Informatik<\/a><\/li>\n<li><a href=\"https:\/\/bwinf.de\/jugendwettbewerb\/\">Jugendwettbewerb Informatik<\/a><\/li>\n<li><a href=\"https:\/\/www.in.tum.de\/fuer-studieninteressierte\/fuer-schuelerinnen-und-schueler\/robotik-wettbewerb\/\">Robotik Wettbewerb<\/a><\/li>\n<\/ul>\n<p>Biologie (Ansprechpartner Fr. Raum und Fr. Sch\u00e4ffer):<\/p>\n<ul>\n<li><a href=\"http:\/\/www.biologieolympiade.de\/\">Bioolympiade<\/a><\/li>\n<\/ul>\n<p>Chemie (Ansprechpartner Fr. Raum):<\/p>\n<ul>\n<li><a href=\"http:\/\/wettbewerbe.ipn.uni-kiel.de\/icho\/\">Chemieolympiade<\/a><\/li>\n<\/ul>\n<p>&nbsp;<\/p>\n<p>&nbsp;<\/p>\n<p>&nbsp;<\/p>\n<p>&nbsp;<\/p>\n<p>&nbsp;<\/p>\n<p>&nbsp;<\/p>\n<p>&nbsp;<\/p>\n<p>&nbsp;<\/p>\n<p>&nbsp;<\/p>\n<p>&nbsp;<\/p>\n<p>&nbsp;<\/p>\n<p>&nbsp;<\/p>\n<p>&nbsp;<\/p>\n<p>&nbsp;<\/p>\n<p>&nbsp;<\/p>\n<p>&nbsp;<\/p>\n<ul>\n<li><a href=\"http:\/\/hallertau-gymnasium.de\/hgw14\/?page_id=6604\">Aktuelle Wettbewerbe<\/a><\/li>\n<\/ul>\n<p>&nbsp;<\/p>\n","protected":false},"excerpt":{"rendered":"<p>News \u00a0\u00a0 Forscher\u00a0\u00a0\u00a0 Wettbewerbe\u00a0\u00a0 Oberstufe\u00a0\u00a0\u00a0 F\u00f6rderung\u00a0\u00a0\u00a0 Schulimkerei\u00a0\u00a0\u00a0 Jugend pr\u00e4sentiert Unsere Sch\u00fcler nehmen regelm\u00e4\u00dfig an zahlreichen Wettbewerben im MINT-Bereich teil. Wenn du dich auch daf\u00fcr interessierst &hellip;<\/p>\n","protected":false},"author":6,"featured_media":0,"parent":6275,"menu_order":3,"comment_status":"closed","ping_status":"closed","template":"","meta":{"footnotes":""},"class_list":["post-6339","page","type-page","status-publish","hentry"],"_links":{"self":[{"href":"https:\/\/hgw.bayern\/index.php?rest_route=\/wp\/v2\/pages\/6339","targetHints":{"allow":["GET"]}}],"collection":[{"href":"https:\/\/hgw.bayern\/index.php?rest_route=\/wp\/v2\/pages"}],"about":[{"href":"https:\/\/hgw.bayern\/index.php?rest_route=\/wp\/v2\/types\/page"}],"author":[{"embeddable":true,"href":"https:\/\/hgw.bayern\/index.php?rest_route=\/wp\/v2\/users\/6"}],"replies":[{"embeddable":true,"href":"https:\/\/hgw.bayern\/index.php?rest_route=%2Fwp%2Fv2%2Fcomments&post=6339"}],"version-history":[{"count":26,"href":"https:\/\/hgw.bayern\/index.php?rest_route=\/wp\/v2\/pages\/6339\/revisions"}],"predecessor-version":[{"id":14917,"href":"https:\/\/hgw.bayern\/index.php?rest_route=\/wp\/v2\/pages\/6339\/revisions\/14917"}],"up":[{"embeddable":true,"href":"https:\/\/hgw.bayern\/index.php?rest_route=\/wp\/v2\/pages\/6275"}],"wp:attachment":[{"href":"https:\/\/hgw.bayern\/index.php?rest_route=%2Fwp%2Fv2%2Fmedia&parent=6339"}],"curies":[{"name":"wp","href":"https:\/\/api.w.org\/{rel}","templated":true}]}}