{"id":69,"date":"2014-07-08T16:52:38","date_gmt":"2014-07-08T16:52:38","guid":{"rendered":"http:\/\/hallertau-gymnasium.de\/hgw14\/?page_id=69"},"modified":"2021-03-05T08:44:06","modified_gmt":"2021-03-05T08:44:06","slug":"deutsch","status":"publish","type":"page","link":"https:\/\/hgw.bayern\/?page_id=69","title":{"rendered":"Deutsch"},"content":{"rendered":"<p><em>\u201eMich h\u00e4lt kein Band, mich fesselt keine Schranke, frei schwing ich mich durch alle R\u00e4ume fort. Mein unermesslich Reich ist der Gedanke, und mein gefl\u00fcgelt Werkzeug ist das Wort.\u201c <\/em>(Friedrich Schiller)<\/p>\n<p>&nbsp;<\/p>\n<h3><strong>Deutsch \u2013 ein Leitfach gymnasialer Bildung<\/strong><\/h3>\n<p>Aufgrund der intensiven Besch\u00e4ftigung mit der deutschen Sprache und der Auseinandersetzung mit wertbezogenen Fragen von Individuum, Gesellschaft und Welt in literarischen und nicht-literarischen Texten bestimmt das Fach Deutsch die Pers\u00f6nlichkeitsbildung wesentlich mit, f\u00f6rdert vernetztes Denken und erf\u00fcllt vielf\u00e4ltige f\u00e4cher\u00fcbergreifende und integrative Funktionen. Neben der Sprachkompetenz sind Haltungen wie Selbstreflexion, Aufgeschlossenheit f\u00fcr Literatur und Kunst, kulturelle Identit\u00e4t, Verst\u00e4ndnis und Verantwortungsbereitschaft f\u00fcr Mensch und Welt Leitziele des Faches.<\/p>\n<p>Die Fachschaft Deutsch \u2013 am HGW steht sie \u00fcber den Deutschunterricht hinaus f\u00fcr unsere Sch\u00fclerzeitung \u201eL\u00fcckenf\u00fcller\u201c, eine wohl sortierte und sorgf\u00e4ltig kuratierte Bibliothek, Lesekisten,\u00a0 Theaterauff\u00fchrungen, Autorenlesungen, Schulspielkurse f\u00fcr Unter-, Mittel- und Oberstufe, den Rhetorikkurs, zahlreiche Lekt\u00fcren in allen Klassen und F\u00e4chern, Filmprojekte, adventliches Vorlesen u.v.m. Ein besonderes Anliegen unserer Fachschaft ist das Entfalten einer eigenen Argumentation sowie das Respektieren anderer Standpunkte: F\u00e4higkeiten, die unsere Sch\u00fclerinnen und Sch\u00fcler nicht zuletzt im Rahmen des Projektes \u201eJugend debattiert\u201c (s.u.) ein\u00fcben.<\/p>\n<p>Vor allem garantiert unsere Fachschaft die Sicherung der Grundfertigkeiten jedes Gymnasiasten: Textverst\u00e4ndnis, Beherrschen der g\u00e4ngigen Schreib- und Lesetechniken, souver\u00e4nes Referieren und Pr\u00e4sentieren. Diese Kompetenzen erwerben sich die Sch\u00fcler im Laufe ihres Sch\u00fclerdaseins am HGW:<\/p>\n<ul>\n<li><a href=\"http:\/\/hallertau-gymnasium.de\/hgw14\/wp-content\/uploads\/2014\/07\/Deutsch-in-der-Unterstufe.pdf\">Deutsch in der Unterstufe<\/a><\/li>\n<li><a href=\"http:\/\/hallertau-gymnasium.de\/hgw14\/wp-content\/uploads\/2014\/07\/Deutsch-in-der-Mittelstufe.pdf\">Deutsch in der Mittelstufe<\/a><\/li>\n<li><a href=\"http:\/\/hallertau-gymnasium.de\/hgw14\/wp-content\/uploads\/2014\/07\/Deutsch-in-der-Oberstufe.pdf\">Deutsch in der Oberstufe<\/a><\/li>\n<\/ul>\n<p>In den einzelnen Stufen stehen unterschiedliche &#8222;Wettbewerbe&#8220; im Zentrum des Faches:<\/p>\n<ul>\n<li><a href=\"http:\/\/www.vorlesewettbewerb.de\/\">Unterstufe: der Vorlesewettbewerb<\/a><\/li>\n<li><a href=\"http:\/\/www.jugend-debattiert.de\/\">Mittelstufe: &#8222;Jugend debattiert&#8220;<\/a><\/li>\n<li><a href=\"http:\/\/www.isb.bayern.de\/gymnasium\/leistungserhebungen\/musterabitur-2011-gymnasium\/deutsch\/aufgaben-und-ggf-erlaeuterungen\/\">Oberstufe: die Abiturpr\u00fcfung<\/a><\/li>\n<\/ul>\n<p>Bei weitergehendem Interesse gelangen Sie \u00fcber die <a href=\"http:\/\/www.isb.bayern.de\/gymnasium\/faecher\/sprachen\/deutsch\/lehrplan\/\">Lehrplaninhalte des Faches Deutsch<\/a> zum digitalen Lehrplan.<\/p>\n<p>(Fachbetreuung 8-12)\u00a0\u00a0\u00a0\u00a0 OStRin Tanja Schymkowitz &#8211; (Fachbetreuung 5-7) OStRin Andrea Hingsammer<\/p>\n","protected":false},"excerpt":{"rendered":"<p>\u201eMich h\u00e4lt kein Band, mich fesselt keine Schranke, frei schwing ich mich durch alle R\u00e4ume fort. Mein unermesslich Reich ist der Gedanke, und mein gefl\u00fcgelt &hellip;<\/p>\n","protected":false},"author":1,"featured_media":0,"parent":38,"menu_order":0,"comment_status":"open","ping_status":"open","template":"","meta":{"footnotes":""},"class_list":["post-69","page","type-page","status-publish","hentry"],"_links":{"self":[{"href":"https:\/\/hgw.bayern\/index.php?rest_route=\/wp\/v2\/pages\/69","targetHints":{"allow":["GET"]}}],"collection":[{"href":"https:\/\/hgw.bayern\/index.php?rest_route=\/wp\/v2\/pages"}],"about":[{"href":"https:\/\/hgw.bayern\/index.php?rest_route=\/wp\/v2\/types\/page"}],"author":[{"embeddable":true,"href":"https:\/\/hgw.bayern\/index.php?rest_route=\/wp\/v2\/users\/1"}],"replies":[{"embeddable":true,"href":"https:\/\/hgw.bayern\/index.php?rest_route=%2Fwp%2Fv2%2Fcomments&post=69"}],"version-history":[{"count":8,"href":"https:\/\/hgw.bayern\/index.php?rest_route=\/wp\/v2\/pages\/69\/revisions"}],"predecessor-version":[{"id":14681,"href":"https:\/\/hgw.bayern\/index.php?rest_route=\/wp\/v2\/pages\/69\/revisions\/14681"}],"up":[{"embeddable":true,"href":"https:\/\/hgw.bayern\/index.php?rest_route=\/wp\/v2\/pages\/38"}],"wp:attachment":[{"href":"https:\/\/hgw.bayern\/index.php?rest_route=%2Fwp%2Fv2%2Fmedia&parent=69"}],"curies":[{"name":"wp","href":"https:\/\/api.w.org\/{rel}","templated":true}]}}