{"id":73,"date":"2014-07-08T16:52:58","date_gmt":"2014-07-08T16:52:58","guid":{"rendered":"http:\/\/hallertau-gymnasium.de\/hgw14\/?page_id=73"},"modified":"2014-09-19T06:22:54","modified_gmt":"2014-09-19T06:22:54","slug":"franzoesisch","status":"publish","type":"page","link":"https:\/\/hgw.bayern\/?page_id=73","title":{"rendered":"Franz\u00f6sisch"},"content":{"rendered":"<h3>Das Fach Franz\u00f6sisch<\/h3>\n<p>kann am HGW in der sechsten oder in der achten Jahrgangsstufe gew\u00e4hlt werden.<\/p>\n<p>Viele Franzosen w\u00fcrden auf die Frage \u201eWas ist franz\u00f6sisch?\u201c sicherlich antworten: \u201eMais c\u2019est la plus belle langue du monde !\u201c \u2013 \u201eDas ist doch die sch\u00f6nste Sprache der Welt!\u201c<br \/>\nAuch in unseren Ohren klingt das Franz\u00f6sische angenehm und melodi\u00f6s, und dass man es mit Begeisterung und Erfolg erlernen kann, beweisen am HGW Jahr f\u00fcr Jahr viele Sch\u00fclerinnen und Sch\u00fcler, die sich f\u00fcr Franz\u00f6sisch als zweite oder dritte Fremdsprache entscheiden.<br \/>\nSowohl in der EU als auch allgemein in unserer globalisierten Welt wird immer h\u00e4ufiger die Forderung \u201eMuttersprache + 2\u201c laut: Neben der Muttersprache sollte jeder Schulabg\u00e4nger zwei moderne Fremdsprachen beherrschen. Nat\u00fcrlich liegt die Wahl des Franz\u00f6sischen zus\u00e4tzlich zum Englischen da nahe: Sch\u00fcler, die sich f\u00fcr Franz\u00f6sisch entscheiden, lernen nicht nur die Sprache des wichtigsten deutschen Handelspartners, sondern auch eine auf fast allen Kontinenten verbreitete und weltweit von 200 Millionen Sprechern gesprochene Sprache.<\/p>\n<p><strong>Lebendiges und praxisorientiertes Fremdsprachenlernen<\/strong><\/p>\n<p>Franz\u00f6sischunterricht ist l\u00e4ngst nicht mehr nur das Pauken und Ein\u00fcben von Grammatikregeln und Wortschatz! Das geh\u00f6rt nat\u00fcrlich dazu, aber Hauptbestandteil und Ziel des Unterrichts in den modernen Fremdsprachen ist das Ein\u00fcben von idiomatischen Ausdrucksm\u00f6glichkeiten in wirklichkeitsnahen Sprech- und Schreibanl\u00e4ssen: Wie frage ich nach dem Weg? Wie bestelle ich im Restaurant? Wie dr\u00fccke ich dieses oder jenes aus? Auf all diese Fragen gibt vor allem der Unterricht in den ersten Lernjahren Antwort. Fortgeschrittene Franz\u00f6sisch-Sch\u00fcler setzen sich dann vor allem in der Oberstufe mit literarischen oder Sachtexten auseinander.<br \/>\nIn allen Jahrgangsstufen erm\u00f6glichen moderne, an der Lebenswelt der Sch\u00fcler orientierte Unterrichtsmaterialien effizientes Lernen und praxisnahes \u00dcben, und dank der vielf\u00e4ltigen M\u00f6glichkeiten des Internets geh\u00f6rt auch der h\u00e4ufige Blick ins Nachbarland Frankreich zur Unterrichtspraxis.<br \/>\nHinzu kommt der direkte Kontakt zu \u201eechten\u201c Franzosen: In den letzten Schuljahren unterst\u00fctzte h\u00e4ufig eine franz\u00f6sische Fremdsprachenassistentin die Lehrer des HGW bei ihrer Arbeit, und im Rahmen des Sch\u00fcleraustauschs mit unserer Partnerschule in La Fl\u00e8che westlich von Paris k\u00f6nnen unsere Sch\u00fcler in der 9. Jahrgangsstufe Land, Leute und Sprache kennenlernen. Auch die M\u00f6glichkeit eines mehrmonatigen Aufenthalts an der Partnerschule besteht f\u00fcr Sch\u00fcler am Anfang der 10. Jahrgangsstufe.<\/p>\n<p>Und nicht zuletzt ist Frankreich nat\u00fcrlich ein wundersch\u00f6nes, abwechslungsreiches und nicht zu weit entferntes Urlaubsland, wo man die neu erworbenen Sprachkenntnisse ausprobieren kann und dies auch m\u00f6glichst fr\u00fch tun sollte!<\/p>\n<p>Und hier noch die unserer Meinung nach besten Seiten rund um die franz\u00f6sische Sprache:<\/p>\n<ul>\n<li><a href=\"http:\/\/www.fplusd.org\">www.fplusd.org<\/a><\/li>\n<li><a href=\"http:\/\/www.institutfrancais.de\">www.institutfrancais.de<\/a><\/li>\n<li><a href=\"http:\/\/www.lepointdufle.net\">www.lepointdufle.net<\/a><\/li>\n<li><a href=\"http:\/\/www.polarfle.com\">www.polarfle.com<\/a><\/li>\n<li><a href=\"http:\/\/www.ciep.fr\">www.ciep.fr<\/a><\/li>\n<li><a href=\"http:\/\/parlons-francais.tv5monde.com\">http:\/\/parlons-francais.tv5monde.com<\/a><\/li>\n<\/ul>\n<p>Fotos: Fachschaft Franz\u00f6sisch<\/p>\n","protected":false},"excerpt":{"rendered":"<p>Das Fach Franz\u00f6sisch kann am HGW in der sechsten oder in der achten Jahrgangsstufe gew\u00e4hlt werden. Viele Franzosen w\u00fcrden auf die Frage \u201eWas ist franz\u00f6sisch?\u201c &hellip;<\/p>\n","protected":false},"author":1,"featured_media":0,"parent":38,"menu_order":0,"comment_status":"open","ping_status":"open","template":"","meta":{"footnotes":""},"class_list":["post-73","page","type-page","status-publish","hentry"],"_links":{"self":[{"href":"https:\/\/hgw.bayern\/index.php?rest_route=\/wp\/v2\/pages\/73","targetHints":{"allow":["GET"]}}],"collection":[{"href":"https:\/\/hgw.bayern\/index.php?rest_route=\/wp\/v2\/pages"}],"about":[{"href":"https:\/\/hgw.bayern\/index.php?rest_route=\/wp\/v2\/types\/page"}],"author":[{"embeddable":true,"href":"https:\/\/hgw.bayern\/index.php?rest_route=\/wp\/v2\/users\/1"}],"replies":[{"embeddable":true,"href":"https:\/\/hgw.bayern\/index.php?rest_route=%2Fwp%2Fv2%2Fcomments&post=73"}],"version-history":[{"count":12,"href":"https:\/\/hgw.bayern\/index.php?rest_route=\/wp\/v2\/pages\/73\/revisions"}],"predecessor-version":[{"id":818,"href":"https:\/\/hgw.bayern\/index.php?rest_route=\/wp\/v2\/pages\/73\/revisions\/818"}],"up":[{"embeddable":true,"href":"https:\/\/hgw.bayern\/index.php?rest_route=\/wp\/v2\/pages\/38"}],"wp:attachment":[{"href":"https:\/\/hgw.bayern\/index.php?rest_route=%2Fwp%2Fv2%2Fmedia&parent=73"}],"curies":[{"name":"wp","href":"https:\/\/api.w.org\/{rel}","templated":true}]}}