{"id":77,"date":"2014-07-08T16:53:19","date_gmt":"2014-07-08T16:53:19","guid":{"rendered":"http:\/\/hallertau-gymnasium.de\/hgw14\/?page_id=77"},"modified":"2025-05-15T14:00:15","modified_gmt":"2025-05-15T14:00:15","slug":"latein","status":"publish","type":"page","link":"https:\/\/hgw.bayern\/?page_id=77","title":{"rendered":"Latein"},"content":{"rendered":"<h3>LATEIN LEBT!<\/h3>\n<p><em>\u201eWozu soll man denn heute noch Latein lernen? Latein ist tot!\u201c<\/em><\/p>\n<p>Solche und \u00e4hnliche Aussagen kann man h\u00e4ufig h\u00f6ren, wenn es um die Berechtigung der einzelnen Schulf\u00e4cher im Kanon des Gymnasiums geht. Und deshalb ist es mir ein gro\u00dfes Anliegen, in der gebotenen K\u00fcrze (meine Frau singt auf Wunsch ein Lied davon, dass ich es auch ausf\u00fchrlicher k\u00f6nnte) darzulegen, dass die lateinische Sprache lebt \u2013 und wie!<\/p>\n<p>Dabei will ich hier gar nicht genauer auf die vielen Vorteile von Latein eingehen, die sich jedem erschlie\u00dfen, der mit offenen Augen und wachem Verstand durch unsere Welt geht. Nur so viel:<\/p>\n<ul>\n<li>Womit lernt man alle romanischen Sprachen und Englisch wesentlich leichter und schneller? Mit Latein!<\/li>\n<li>Was ist \u2013 neben Englisch und Griechisch \u2013 die Sprache der Wissenschaft? Latein!<\/li>\n<li>Wer durchdringt die Struktur seiner Muttersprache besser? Der, der Latein kann!<\/li>\n<li>Wer bewegt sich sicherer und gewandter im weiten Feld der Fremdw\u00f6rter und der Rhetorik insgesamt? Der, der Latein beherrscht!<\/li>\n<li>Welche Sprache erzieht uns durch ihre Komplexit\u00e4t und Klarheit zum genauen Hinschauen, scharfen Nachdenken und pr\u00e4zisen Formulieren? Latein!<\/li>\n<li>Welche Sprache ist in Kunst, Musik, Literatur, Recht und Religion so lebendig und gegenw\u00e4rtig wie kaum eine andere? Latein!<\/li>\n<li>Wo liegen u.a. die Wurzeln der europ\u00e4ischen bzw. abendl\u00e4ndischen Kultur? Im Lateinischen!<\/li>\n<li>Diese Aspekte seien \u2013 bei aller Bedeutung &#8211; nur der Vollst\u00e4ndigkeit halber angef\u00fchrt.<\/li>\n<\/ul>\n<p>Viel bemerkenswerter \u2013 weil in der \u00f6ffentlichen Diskussion meist v\u00f6llig unbeachtet &#8211; erscheint mir eine These von Wilfried Stroh, die er in seinem Buch \u201eLatein ist tot, es lebe Latein!\u201c aufstellt und die ich in Ausz\u00fcgen zitieren m\u00f6chte:<\/p>\n<p style=\"padding-left: 30px;\"><em>\u201eNur weil Latein gestorben ist, konnte es, wie wir gesehen haben, unsterblich werden: eine (\u2026) Sprache, die die Grenzen des Raums und der Zeit \u00fcbersteigt. Was den Raum angeht, so haben wir heute vor allem das Englische zur Verf\u00fcgung \u2013 sofern wir nicht, was nur wenige tun, eine lateinische Auslandskorrespondenz f\u00fchren. Latein aber erm\u00f6glicht uns etwas, was keine lebendige Sprache vermag: die \u00dcberschreitung der Zeitgrenzen, eine Kommunikation mit den Besten der Vergangenheit, den Eintritt in eine \u00fcberzeitliche res publica litterarum. Es ist ja dieselbe Sprache, die Cicero, Tacitus und Hieronymus, Einhard, Dante und Petrarca, Erasmus, Kepler und Leibniz gesprochen haben. Sie alle h\u00e4tten sich \u00fcber unendliche Zeitr\u00e4ume hinweg untereinander verstanden. Und zu dem, der Latein kann, sprechen sie noch heute in dieser Sprache; und w\u00e4ren sie lebendig, k\u00f6nnten sie ihn sogar verstehen. Das gilt (\u2026) analog auch f\u00fcr die Zukunft. Jedes Werk, in einer lebendigen Sprache verfasst, wird mit dieser altern und vergehen (\u2026). Wer Latein schreibt, die lingua durabilis ad posteritatem, erh\u00e4lt sich die Chance, auch noch in ferner Zukunft unmittelbar verstanden zu werden. (\u2026) Und auch schon aus Gr\u00fcnden der Fairness d\u00fcrfte als Umgangssprache im Himmel keine andere als die lateinische infrage kommen. In Englisch w\u00e4ren uns allen (\u2026) die Oxforder \u00fcberlegen, in Franz\u00f6sisch die Pariser, in Hebr\u00e4isch k\u00f6nnten wir mit den Kindern Israel nicht mithalten. Fiat iustitia \u2013 Gerechtigkeit muss sein. Kehren wir dort also zur\u00fcck zu der einen gemeinsamen Sprache Latein. Latein k\u00f6nnen wir alle nicht.\u201c<\/em><\/p>\n<p style=\"padding-left: 30px;\">(aus: <em>Wilfried Stroh, Latein ist tot, es lebe Latein!, S. 313-315, Berlin 2007<\/em>)<\/p>\n<p>In diesem Sinne w\u00fcnsche ich Ihnen, liebe Leser, dass Sie sich schon zu Lebzeiten auf die Spuren des Lateinischen machen. Und dann werden Sie (hoffentlich) begeistert feststellen: \u201eTats\u00e4chlich, Latein lebt!\u201c<\/p>\n<p>Jakob Seitzl, f\u00fcr die Fachschaft Latein<\/p>\n<p><strong>Thema Grundwissen<\/strong>: Nachhaltigkeit spielt gerade auch in der Schule eine wichtige Rolle, insbesondere wenn es darum geht, erworbene Kompetenzen dauerhaft zu sichern und zu festigen. Denn nur ein stabiles Wissensfundament wird es den Sch\u00fclerinnen und Sch\u00fclern erm\u00f6glichen, die Qualifikationsphase der gymnasialen Oberstufe auf hohem Niveau zu meistern und ihre Fertigkeiten in Studium und Beruf individuell zu erweitern und zu vertiefen. Vor diesem Hintergrund soll die Rubrik <a href=\"http:\/\/hallertau-gymnasium.de\/hgw14\/wp-content\/uploads\/2014\/07\/Grundlegende-Kenntnisse-im-Fach-Latein.pdf\">Grundlegende Kenntnisse im Fach Latein<\/a> einen wertvollen Beitrag leisten.<\/p>\n<p><strong>Thema Party-Konversation<\/strong>: Sie wollen auf der n\u00e4chsten Party mal richtig Eindruck schinden? Hier sind unsere besten <a href=\"http:\/\/hallertau-gymnasium.de\/hgw14\/wp-content\/uploads\/2014\/07\/Fachschaft-Latein-Spr\u00fcche-gesammeltx.pdf\">Redewendungen aus dem Lateinischen<\/a>. Latein lernen &#8211; es lohnt sich!<\/p>\n<p>Den preisgekr\u00f6nten Podcast <strong>\u201eAntike Reloaded\u201c<\/strong> mit seinen sechs Folgen gibt hier &#8211; unbedingt reinh\u00f6ren:<\/p>\n<p>Antike Fr\u00fchlingsfeste:<\/p>\n<!--[if lt IE 9]><script>document.createElement('audio');<\/script><![endif]-->\n<audio class=\"wp-audio-shortcode\" id=\"audio-77-1\" preload=\"none\" style=\"width: 100%;\" controls=\"controls\"><source type=\"audio\/mpeg\" src=\"https:\/\/hgw.bayern\/wp-content\/uploads\/2024\/03\/Podcast2.0_64kBit.mp3?_=1\" \/><a href=\"https:\/\/hgw.bayern\/wp-content\/uploads\/2024\/03\/Podcast2.0_64kBit.mp3\">https:\/\/hgw.bayern\/wp-content\/uploads\/2024\/03\/Podcast2.0_64kBit.mp3<\/a><\/audio>\n<p>Wirtschaft im antiken Rom:<\/p>\n<audio class=\"wp-audio-shortcode\" id=\"audio-77-2\" preload=\"none\" style=\"width: 100%;\" controls=\"controls\"><source type=\"audio\/mpeg\" src=\"https:\/\/hgw.bayern\/wp-content\/uploads\/2024\/01\/Wirtschaft-in-der-Antike_64kBit.mp3?_=2\" \/><a href=\"https:\/\/hgw.bayern\/wp-content\/uploads\/2024\/01\/Wirtschaft-in-der-Antike_64kBit.mp3\">https:\/\/hgw.bayern\/wp-content\/uploads\/2024\/01\/Wirtschaft-in-der-Antike_64kBit.mp3<\/a><\/audio>\n<p>\u00c4gypten als Hochkultur:<\/p>\n<audio class=\"wp-audio-shortcode\" id=\"audio-77-3\" preload=\"none\" style=\"width: 100%;\" controls=\"controls\"><source type=\"audio\/mpeg\" src=\"https:\/\/hgw.bayern\/wp-content\/uploads\/2024\/01\/Aegypten-als-Hochkultur_64kBit.mp3?_=3\" \/><a href=\"https:\/\/hgw.bayern\/wp-content\/uploads\/2024\/01\/Aegypten-als-Hochkultur_64kBit.mp3\">https:\/\/hgw.bayern\/wp-content\/uploads\/2024\/01\/Aegypten-als-Hochkultur_64kBit.mp3<\/a><\/audio>\n<p>Olympische Spiele:<\/p>\n<audio class=\"wp-audio-shortcode\" id=\"audio-77-4\" preload=\"none\" style=\"width: 100%;\" controls=\"controls\"><source type=\"audio\/mpeg\" src=\"https:\/\/hgw.bayern\/wp-content\/uploads\/2024\/01\/Podcats-Episode-6_Die-Olympischen-Spiele.mp3?_=4\" \/><a href=\"https:\/\/hgw.bayern\/wp-content\/uploads\/2024\/01\/Podcats-Episode-6_Die-Olympischen-Spiele.mp3\">https:\/\/hgw.bayern\/wp-content\/uploads\/2024\/01\/Podcats-Episode-6_Die-Olympischen-Spiele.mp3<\/a><\/audio>\n<p>Die Entstehung Roms:<\/p>\n<audio class=\"wp-audio-shortcode\" id=\"audio-77-5\" preload=\"none\" style=\"width: 100%;\" controls=\"controls\"><source type=\"audio\/mpeg\" src=\"https:\/\/hgw.bayern\/wp-content\/uploads\/2024\/01\/Die-Entstehung-Roms.mp3?_=5\" \/><a href=\"https:\/\/hgw.bayern\/wp-content\/uploads\/2024\/01\/Die-Entstehung-Roms.mp3\">https:\/\/hgw.bayern\/wp-content\/uploads\/2024\/01\/Die-Entstehung-Roms.mp3<\/a><\/audio>\n<p>Finale<\/p>\n<audio class=\"wp-audio-shortcode\" id=\"audio-77-6\" preload=\"none\" style=\"width: 100%;\" controls=\"controls\"><source type=\"audio\/mpeg\" src=\"https:\/\/hgw.bayern\/wp-content\/uploads\/2024\/03\/Podcast-finale_64kBit.mp3?_=6\" \/><a href=\"https:\/\/hgw.bayern\/wp-content\/uploads\/2024\/03\/Podcast-finale_64kBit.mp3\">https:\/\/hgw.bayern\/wp-content\/uploads\/2024\/03\/Podcast-finale_64kBit.mp3<\/a><\/audio>\n","protected":false},"excerpt":{"rendered":"<p>LATEIN LEBT! \u201eWozu soll man denn heute noch Latein lernen? Latein ist tot!\u201c Solche und \u00e4hnliche Aussagen kann man h\u00e4ufig h\u00f6ren, wenn es um die &hellip;<\/p>\n","protected":false},"author":1,"featured_media":0,"parent":38,"menu_order":0,"comment_status":"open","ping_status":"open","template":"","meta":{"footnotes":""},"class_list":["post-77","page","type-page","status-publish","hentry"],"_links":{"self":[{"href":"https:\/\/hgw.bayern\/index.php?rest_route=\/wp\/v2\/pages\/77","targetHints":{"allow":["GET"]}}],"collection":[{"href":"https:\/\/hgw.bayern\/index.php?rest_route=\/wp\/v2\/pages"}],"about":[{"href":"https:\/\/hgw.bayern\/index.php?rest_route=\/wp\/v2\/types\/page"}],"author":[{"embeddable":true,"href":"https:\/\/hgw.bayern\/index.php?rest_route=\/wp\/v2\/users\/1"}],"replies":[{"embeddable":true,"href":"https:\/\/hgw.bayern\/index.php?rest_route=%2Fwp%2Fv2%2Fcomments&post=77"}],"version-history":[{"count":9,"href":"https:\/\/hgw.bayern\/index.php?rest_route=\/wp\/v2\/pages\/77\/revisions"}],"predecessor-version":[{"id":19070,"href":"https:\/\/hgw.bayern\/index.php?rest_route=\/wp\/v2\/pages\/77\/revisions\/19070"}],"up":[{"embeddable":true,"href":"https:\/\/hgw.bayern\/index.php?rest_route=\/wp\/v2\/pages\/38"}],"wp:attachment":[{"href":"https:\/\/hgw.bayern\/index.php?rest_route=%2Fwp%2Fv2%2Fmedia&parent=77"}],"curies":[{"name":"wp","href":"https:\/\/api.w.org\/{rel}","templated":true}]}}